{"id":6214,"date":"2023-02-11T15:14:59","date_gmt":"2023-02-11T15:14:59","guid":{"rendered":"https:\/\/gralhaazulportas1.hospedagemdesites.ws\/?post_type=product&amp;p=3984"},"modified":"2023-02-11T15:14:59","modified_gmt":"2023-02-11T15:14:59","slug":"piso-de-garapeira-estruturado-engenheirado","status":"publish","type":"product","link":"https:\/\/conectid.com.br\/gralha-azul-site\/produto\/piso-de-garapeira-estruturado-engenheirado\/","title":{"rendered":"Piso de Garapeira Estruturado &#8211; Engenheirado"},"content":{"rendered":"<p>Piso de Garapeira Estruturado\u00a0&#8211; Engenheirado &#8211; 9 camadas de verniz<\/p>\n<p>&nbsp;<\/p>\n<p>Piso estruturado \u00e9 o resultado de anos de pesquisa para o desenvolvimento de um assoalho est\u00e1vel e com \u00f3timo acabamento.<\/p>\n<p>&nbsp;<\/p>\n<p>Indica\u00e7\u00e3o de uso:<\/p>\n<p>Resid\u00eancias, ambientes comerciais, shopping centers, revestimentos, locais de alto tr\u00e1fego, etc.<\/p>\n<p>&nbsp;<\/p>\n<p>Dureza:<\/p>\n<p>Madeira dura e pesada, fino acabamento e lustroso.<\/p>\n<p>Muito resistente a riscos e amassamento, naturalmente resistente a bichos e mofo.<br \/>\nSem cheiro.<\/p>\n<p>&nbsp;<\/p>\n<p>Limpeza:<\/p>\n<p>F\u00e1cil limpeza apenas com pano \u00famido.<\/p>\n<p>Dispensa uso de cera e produtos qu\u00edmicos.<\/p>\n<p>&nbsp;<\/p>\n<p>Secagem:<\/p>\n<p>Estufa a vapor<\/p>\n<p>&nbsp;<\/p>\n<p>Acabamento:<\/p>\n<p>Verniz a base de hidr\u00f3xido de alum\u00ednio aplicado 9\u00a0acamadas com secagem ultravioleta em c\u00e2maras de pintura automatizadas<\/p>\n<p>Resist\u00eancia extra \u00e0 madeira contra riscos e amassamento.<\/p>\n<p>&nbsp;<\/p>\n<p>Vantagens:<\/p>\n<p>Proporciona \u00f3timo isolamento t\u00e9rmico e ac\u00fastico.<\/p>\n<p>ENCAIXE MACHO &amp; FEMEA nos 4 lados das t\u00e1buas proporcionam m\u00e1ximo acabamento deixando as emendas travadas e evitando que se soltem no decorrer do tempo.<\/p>\n<p>Alta durabilidade e bela apar\u00eancia al\u00e9m de perfeito isolamento t\u00e9rmico e ac\u00fastico.<\/p>\n<p>&nbsp;<\/p>\n<p>Ecologicamente correto \u2013 Piso\u00a0de madeira\u00a0proveniente de manejo florestal<\/p>\n","protected":false},"excerpt":{"rendered":"<p>Piso de Garapeira Estruturado\u00a0&#8211; Engenheirado &#8211; 9 camadas de verniz<\/p>\n<p>Medidas Dispon\u00edveis:<\/p>\n<p>12mm X 82,55mm<\/p>\n<p>12mm X 101,6mm<\/p>\n<p>12mm X 127mm<\/p>\n","protected":false},"featured_media":3986,"comment_status":"closed","ping_status":"closed","template":"","meta":[],"product_brand":[],"product_cat":[277],"product_tag":[],"class_list":{"0":"post-6214","1":"product","2":"type-product","3":"status-publish","4":"has-post-thumbnail","6":"product_cat-madeira-bruta-e-beneficiada","8":"first","9":"instock","10":"shipping-taxable","11":"product-type-simple"},"yoast_head":"<!-- This site is optimized with the Yoast SEO plugin v26.9 - https:\/\/yoast.com\/product\/yoast-seo-wordpress\/ -->\n<title>Piso de Garapeira Estruturado - Engenheirado<\/title>\n<meta name=\"robots\" content=\"index, follow, max-snippet:-1, max-image-preview:large, max-video-preview:-1\" \/>\n<link rel=\"canonical\" href=\"https:\/\/conectid.com.br\/gralha-azul-site\/produto\/piso-de-garapeira-estruturado-engenheirado\/\" \/>\n<meta property=\"og:locale\" content=\"pt_BR\" \/>\n<meta property=\"og:type\" content=\"article\" \/>\n<meta property=\"og:title\" content=\"Piso de Garapeira Estruturado - Engenheirado\" \/>\n<meta property=\"og:description\" content=\"Piso de Garapeira Estruturado\u00a0- Engenheirado - 9 camadas de verniz Medidas Dispon\u00edveis: 12mm X 82,55mm 12mm X 101,6mm 12mm X 127mm\" \/>\n<meta property=\"og:url\" content=\"https:\/\/conectid.com.br\/gralha-azul-site\/produto\/piso-de-garapeira-estruturado-engenheirado\/\" \/>\n<meta property=\"og:site_name\" content=\"Portas de Madeira em Curitiba - Gralha Azul\" \/>\n<meta property=\"article:publisher\" content=\"https:\/\/www.facebook.com\/gralhaazulportas\" \/>\n<meta name=\"twitter:card\" content=\"summary_large_image\" \/>\n<meta name=\"twitter:label1\" content=\"Est. tempo de leitura\" \/>\n\t<meta name=\"twitter:data1\" content=\"1 minuto\" \/>\n<script type=\"application\/ld+json\" class=\"yoast-schema-graph\">{\"@context\":\"https:\/\/schema.org\",\"@graph\":[{\"@type\":\"WebPage\",\"@id\":\"https:\/\/conectid.com.br\/gralha-azul-site\/produto\/piso-de-garapeira-estruturado-engenheirado\/\",\"url\":\"https:\/\/conectid.com.br\/gralha-azul-site\/produto\/piso-de-garapeira-estruturado-engenheirado\/\",\"name\":\"Piso de Garapeira Estruturado - Engenheirado\",\"isPartOf\":{\"@id\":\"https:\/\/conectid.com.br\/gralha-azul-site\/#website\"},\"primaryImageOfPage\":{\"@id\":\"https:\/\/conectid.com.br\/gralha-azul-site\/produto\/piso-de-garapeira-estruturado-engenheirado\/#primaryimage\"},\"image\":{\"@id\":\"https:\/\/conectid.com.br\/gralha-azul-site\/produto\/piso-de-garapeira-estruturado-engenheirado\/#primaryimage\"},\"thumbnailUrl\":\"\",\"datePublished\":\"2023-02-11T15:14:59+00:00\",\"breadcrumb\":{\"@id\":\"https:\/\/conectid.com.br\/gralha-azul-site\/produto\/piso-de-garapeira-estruturado-engenheirado\/#breadcrumb\"},\"inLanguage\":\"pt-BR\",\"potentialAction\":[{\"@type\":\"ReadAction\",\"target\":[\"https:\/\/conectid.com.br\/gralha-azul-site\/produto\/piso-de-garapeira-estruturado-engenheirado\/\"]}]},{\"@type\":\"ImageObject\",\"inLanguage\":\"pt-BR\",\"@id\":\"https:\/\/conectid.com.br\/gralha-azul-site\/produto\/piso-de-garapeira-estruturado-engenheirado\/#primaryimage\",\"url\":\"\",\"contentUrl\":\"\"},{\"@type\":\"BreadcrumbList\",\"@id\":\"https:\/\/conectid.com.br\/gralha-azul-site\/produto\/piso-de-garapeira-estruturado-engenheirado\/#breadcrumb\",\"itemListElement\":[{\"@type\":\"ListItem\",\"position\":1,\"name\":\"In\u00edcio\",\"item\":\"https:\/\/conectid.com.br\/gralha-azul-site\/\"},{\"@type\":\"ListItem\",\"position\":2,\"name\":\"Produtos\",\"item\":\"https:\/\/conectid.com.br\/gralha-azul-site\/produtos\/\"},{\"@type\":\"ListItem\",\"position\":3,\"name\":\"Piso de Garapeira Estruturado &#8211; Engenheirado\"}]},{\"@type\":\"WebSite\",\"@id\":\"https:\/\/conectid.com.br\/gralha-azul-site\/#website\",\"url\":\"https:\/\/conectid.com.br\/gralha-azul-site\/\",\"name\":\"Portas de Madeira em Curitiba - Gralha Azul\",\"description\":\"\",\"publisher\":{\"@id\":\"https:\/\/conectid.com.br\/gralha-azul-site\/#organization\"},\"potentialAction\":[{\"@type\":\"SearchAction\",\"target\":{\"@type\":\"EntryPoint\",\"urlTemplate\":\"https:\/\/conectid.com.br\/gralha-azul-site\/?s={search_term_string}\"},\"query-input\":{\"@type\":\"PropertyValueSpecification\",\"valueRequired\":true,\"valueName\":\"search_term_string\"}}],\"inLanguage\":\"pt-BR\"},{\"@type\":\"Organization\",\"@id\":\"https:\/\/conectid.com.br\/gralha-azul-site\/#organization\",\"name\":\"Portas de Madeira em Curitiba - Gralha Azul\",\"url\":\"https:\/\/conectid.com.br\/gralha-azul-site\/\",\"logo\":{\"@type\":\"ImageObject\",\"inLanguage\":\"pt-BR\",\"@id\":\"https:\/\/conectid.com.br\/gralha-azul-site\/#\/schema\/logo\/image\/\",\"url\":\"https:\/\/conectid.com.br\/gralha-azul-site\/wp-content\/uploads\/2021\/02\/gralha-azul-portas-e-madeiras.jpg\",\"contentUrl\":\"https:\/\/conectid.com.br\/gralha-azul-site\/wp-content\/uploads\/2021\/02\/gralha-azul-portas-e-madeiras.jpg\",\"width\":800,\"height\":800,\"caption\":\"Portas de Madeira em Curitiba - Gralha Azul\"},\"image\":{\"@id\":\"https:\/\/conectid.com.br\/gralha-azul-site\/#\/schema\/logo\/image\/\"},\"sameAs\":[\"https:\/\/www.facebook.com\/gralhaazulportas\",\"https:\/\/www.instagram.com\/gralhaazulportas\/\"]}]}<\/script>\n<!-- \/ Yoast SEO plugin. -->","yoast_head_json":{"title":"Piso de Garapeira Estruturado - Engenheirado","robots":{"index":"index","follow":"follow","max-snippet":"max-snippet:-1","max-image-preview":"max-image-preview:large","max-video-preview":"max-video-preview:-1"},"canonical":"https:\/\/conectid.com.br\/gralha-azul-site\/produto\/piso-de-garapeira-estruturado-engenheirado\/","og_locale":"pt_BR","og_type":"article","og_title":"Piso de Garapeira Estruturado - Engenheirado","og_description":"Piso de Garapeira Estruturado\u00a0- Engenheirado - 9 camadas de verniz Medidas Dispon\u00edveis: 12mm X 82,55mm 12mm X 101,6mm 12mm X 127mm","og_url":"https:\/\/conectid.com.br\/gralha-azul-site\/produto\/piso-de-garapeira-estruturado-engenheirado\/","og_site_name":"Portas de Madeira em Curitiba - Gralha Azul","article_publisher":"https:\/\/www.facebook.com\/gralhaazulportas","twitter_card":"summary_large_image","twitter_misc":{"Est. tempo de leitura":"1 minuto"},"schema":{"@context":"https:\/\/schema.org","@graph":[{"@type":"WebPage","@id":"https:\/\/conectid.com.br\/gralha-azul-site\/produto\/piso-de-garapeira-estruturado-engenheirado\/","url":"https:\/\/conectid.com.br\/gralha-azul-site\/produto\/piso-de-garapeira-estruturado-engenheirado\/","name":"Piso de Garapeira Estruturado - Engenheirado","isPartOf":{"@id":"https:\/\/conectid.com.br\/gralha-azul-site\/#website"},"primaryImageOfPage":{"@id":"https:\/\/conectid.com.br\/gralha-azul-site\/produto\/piso-de-garapeira-estruturado-engenheirado\/#primaryimage"},"image":{"@id":"https:\/\/conectid.com.br\/gralha-azul-site\/produto\/piso-de-garapeira-estruturado-engenheirado\/#primaryimage"},"thumbnailUrl":"","datePublished":"2023-02-11T15:14:59+00:00","breadcrumb":{"@id":"https:\/\/conectid.com.br\/gralha-azul-site\/produto\/piso-de-garapeira-estruturado-engenheirado\/#breadcrumb"},"inLanguage":"pt-BR","potentialAction":[{"@type":"ReadAction","target":["https:\/\/conectid.com.br\/gralha-azul-site\/produto\/piso-de-garapeira-estruturado-engenheirado\/"]}]},{"@type":"ImageObject","inLanguage":"pt-BR","@id":"https:\/\/conectid.com.br\/gralha-azul-site\/produto\/piso-de-garapeira-estruturado-engenheirado\/#primaryimage","url":"","contentUrl":""},{"@type":"BreadcrumbList","@id":"https:\/\/conectid.com.br\/gralha-azul-site\/produto\/piso-de-garapeira-estruturado-engenheirado\/#breadcrumb","itemListElement":[{"@type":"ListItem","position":1,"name":"In\u00edcio","item":"https:\/\/conectid.com.br\/gralha-azul-site\/"},{"@type":"ListItem","position":2,"name":"Produtos","item":"https:\/\/conectid.com.br\/gralha-azul-site\/produtos\/"},{"@type":"ListItem","position":3,"name":"Piso de Garapeira Estruturado &#8211; Engenheirado"}]},{"@type":"WebSite","@id":"https:\/\/conectid.com.br\/gralha-azul-site\/#website","url":"https:\/\/conectid.com.br\/gralha-azul-site\/","name":"Portas de Madeira em Curitiba - Gralha Azul","description":"","publisher":{"@id":"https:\/\/conectid.com.br\/gralha-azul-site\/#organization"},"potentialAction":[{"@type":"SearchAction","target":{"@type":"EntryPoint","urlTemplate":"https:\/\/conectid.com.br\/gralha-azul-site\/?s={search_term_string}"},"query-input":{"@type":"PropertyValueSpecification","valueRequired":true,"valueName":"search_term_string"}}],"inLanguage":"pt-BR"},{"@type":"Organization","@id":"https:\/\/conectid.com.br\/gralha-azul-site\/#organization","name":"Portas de Madeira em Curitiba - Gralha Azul","url":"https:\/\/conectid.com.br\/gralha-azul-site\/","logo":{"@type":"ImageObject","inLanguage":"pt-BR","@id":"https:\/\/conectid.com.br\/gralha-azul-site\/#\/schema\/logo\/image\/","url":"https:\/\/conectid.com.br\/gralha-azul-site\/wp-content\/uploads\/2021\/02\/gralha-azul-portas-e-madeiras.jpg","contentUrl":"https:\/\/conectid.com.br\/gralha-azul-site\/wp-content\/uploads\/2021\/02\/gralha-azul-portas-e-madeiras.jpg","width":800,"height":800,"caption":"Portas de Madeira em Curitiba - Gralha Azul"},"image":{"@id":"https:\/\/conectid.com.br\/gralha-azul-site\/#\/schema\/logo\/image\/"},"sameAs":["https:\/\/www.facebook.com\/gralhaazulportas","https:\/\/www.instagram.com\/gralhaazulportas\/"]}]}},"_links":{"self":[{"href":"https:\/\/conectid.com.br\/gralha-azul-site\/wp-json\/wp\/v2\/product\/6214","targetHints":{"allow":["GET"]}}],"collection":[{"href":"https:\/\/conectid.com.br\/gralha-azul-site\/wp-json\/wp\/v2\/product"}],"about":[{"href":"https:\/\/conectid.com.br\/gralha-azul-site\/wp-json\/wp\/v2\/types\/product"}],"replies":[{"embeddable":true,"href":"https:\/\/conectid.com.br\/gralha-azul-site\/wp-json\/wp\/v2\/comments?post=6214"}],"wp:featuredmedia":[{"embeddable":true,"href":"https:\/\/conectid.com.br\/gralha-azul-site\/wp-json\/"}],"wp:attachment":[{"href":"https:\/\/conectid.com.br\/gralha-azul-site\/wp-json\/wp\/v2\/media?parent=6214"}],"wp:term":[{"taxonomy":"product_brand","embeddable":true,"href":"https:\/\/conectid.com.br\/gralha-azul-site\/wp-json\/wp\/v2\/product_brand?post=6214"},{"taxonomy":"product_cat","embeddable":true,"href":"https:\/\/conectid.com.br\/gralha-azul-site\/wp-json\/wp\/v2\/product_cat?post=6214"},{"taxonomy":"product_tag","embeddable":true,"href":"https:\/\/conectid.com.br\/gralha-azul-site\/wp-json\/wp\/v2\/product_tag?post=6214"}],"curies":[{"name":"wp","href":"https:\/\/api.w.org\/{rel}","templated":true}]}}