{"id":6184,"date":"2022-08-05T14:45:15","date_gmt":"2022-08-05T14:45:15","guid":{"rendered":"https:\/\/gralhaazulportas1.hospedagemdesites.ws\/?post_type=product&amp;p=3142"},"modified":"2022-08-05T14:45:15","modified_gmt":"2022-08-05T14:45:15","slug":"porta-de-acm-pivotante-com-visor","status":"publish","type":"product","link":"https:\/\/conectid.com.br\/gralha-azul-site\/produto\/porta-de-acm-pivotante-com-visor\/","title":{"rendered":"Porta de ACM Pivo com Visor"},"content":{"rendered":"<p><strong>FICHA T\u00c9CNICA<\/strong><\/p>\n<p><b>LOCAL DE USO: <\/b><span style=\"font-weight: 400;\">\u00c1reas externas ou internas.<\/span><\/p>\n<p><b>INTERIOR DA PORTA: <\/b><span style=\"font-weight: 400;\">Estrutura 100% em Alum\u00ednio. N\u00e3o utilizamos Ferro, pois diminui a vida \u00fatil da porta. Toda a estrutura \u00e9 soldada. N\u00e3o utilizamos rebites nas jun\u00e7\u00f5es para evitar o rompimento da estrutura. Todas as portas s\u00e3o preenchidas com isopor para melhor desempenho termoac\u00fastico.<\/span><\/p>\n<p><b>CHAPA DE ACM: <\/b><span style=\"font-weight: 400;\">4mm (Kynar).<\/span><\/p>\n<p><b>CAIXILHO: <\/b><span style=\"font-weight: 400;\">Perfil de caixilho desenvolvido pela Gralha Azul ACM Premium Doors patenteado no INPI. Fabricados com encaixe para a borracha de veda\u00e7\u00e3o e 100% extrusados (sem emendas).<\/span><\/p>\n<p><b>VISTAS: <\/b><span style=\"font-weight: 400;\">Fabricadas nas medidas de acordo com o projeto.<\/span><\/p>\n<p><b>FECHADURA: <\/b><span style=\"font-weight: 400;\">Ferragens incluso.<\/span><\/p>\n<p><b>PUXADOR: <\/b><span style=\"font-weight: 400;\">Cava.<\/span><\/p>\n<p><b>INSTALA\u00c7\u00c3O:<\/b><span style=\"font-weight: 400;\"> Inclusa.<\/span><\/p>\n","protected":false},"excerpt":{"rendered":"<p><span style=\"font-weight: 400;\">ACM &#8211; sigla para <\/span><i><span style=\"font-weight: 400;\">Aluminum Composite Material<\/span><\/i><span style=\"font-weight: 400;\"> &#8211; \u00e9 um material composto pela jun\u00e7\u00e3o de duas chapas de alum\u00ednio com um n\u00facleo de polietileno. Essa estrutura garante um material leve, por\u00e9m forte e resistente. Porta livre de empenamento e cupins; altamente resistente \u00e0 \u00e1gua, ao sol e intemp\u00e9ries. <\/span><span style=\"font-weight: 400;\">As portas de ACM s\u00e3o excelentes para projetos especiais que exigem maior flexibilidade de design, pois s\u00e3o fabricadas sob medida.<\/span><\/p>\n<p><strong>MEDIDAS DISPON\u00cdVEIS<\/strong><\/p>\n<p><span style=\"font-weight: 400;\">Porta fabricada de acordo com a necessidade do cliente.<\/span><\/p>\n<p>&nbsp;<\/p>\n<p>&nbsp;<\/p>\n<p>&nbsp;<\/p>\n","protected":false},"featured_media":3156,"comment_status":"closed","ping_status":"closed","template":"","meta":[],"product_brand":[],"product_cat":[284],"product_tag":[152,153],"class_list":{"0":"post-6184","1":"product","2":"type-product","3":"status-publish","4":"has-post-thumbnail","6":"product_cat-portas-em-acm-em-curitiba","7":"product_tag-porta-de-acm","8":"product_tag-puxador-cava","10":"first","11":"instock","12":"shipping-taxable","13":"product-type-simple"},"yoast_head":"<!-- This site is optimized with the Yoast SEO plugin v26.9 - https:\/\/yoast.com\/product\/yoast-seo-wordpress\/ -->\n<title>Porta de ACM Pivo com Visor em Curitiba<\/title>\n<meta name=\"description\" content=\"Aqui na Gralha Azul voc\u00ea encontra Porta de ACM Pivo com Visor da melhor qualidade! Clique e veja sobre madeiras em Curitiba.\" \/>\n<meta name=\"robots\" content=\"index, follow, max-snippet:-1, max-image-preview:large, max-video-preview:-1\" \/>\n<link rel=\"canonical\" href=\"https:\/\/conectid.com.br\/gralha-azul-site\/produto\/porta-de-acm-pivotante-com-visor\/\" \/>\n<meta property=\"og:locale\" content=\"pt_BR\" \/>\n<meta property=\"og:type\" content=\"article\" \/>\n<meta property=\"og:title\" content=\"Porta de ACM Pivo com Visor em Curitiba\" \/>\n<meta property=\"og:description\" content=\"Aqui na Gralha Azul voc\u00ea encontra Porta de ACM Pivo com Visor da melhor qualidade! Clique e veja sobre madeiras em Curitiba.\" \/>\n<meta property=\"og:url\" content=\"https:\/\/conectid.com.br\/gralha-azul-site\/produto\/porta-de-acm-pivotante-com-visor\/\" \/>\n<meta property=\"og:site_name\" content=\"Portas de Madeira em Curitiba - Gralha Azul\" \/>\n<meta property=\"article:publisher\" content=\"https:\/\/www.facebook.com\/gralhaazulportas\" \/>\n<meta name=\"twitter:card\" content=\"summary_large_image\" \/>\n<meta name=\"twitter:label1\" content=\"Est. tempo de leitura\" \/>\n\t<meta name=\"twitter:data1\" content=\"1 minuto\" \/>\n<script type=\"application\/ld+json\" class=\"yoast-schema-graph\">{\"@context\":\"https:\/\/schema.org\",\"@graph\":[{\"@type\":\"WebPage\",\"@id\":\"https:\/\/conectid.com.br\/gralha-azul-site\/produto\/porta-de-acm-pivotante-com-visor\/\",\"url\":\"https:\/\/conectid.com.br\/gralha-azul-site\/produto\/porta-de-acm-pivotante-com-visor\/\",\"name\":\"Porta de ACM Pivo com Visor em Curitiba\",\"isPartOf\":{\"@id\":\"https:\/\/conectid.com.br\/gralha-azul-site\/#website\"},\"primaryImageOfPage\":{\"@id\":\"https:\/\/conectid.com.br\/gralha-azul-site\/produto\/porta-de-acm-pivotante-com-visor\/#primaryimage\"},\"image\":{\"@id\":\"https:\/\/conectid.com.br\/gralha-azul-site\/produto\/porta-de-acm-pivotante-com-visor\/#primaryimage\"},\"thumbnailUrl\":\"\",\"datePublished\":\"2022-08-05T14:45:15+00:00\",\"description\":\"Aqui na Gralha Azul voc\u00ea encontra Porta de ACM Pivo com Visor da melhor qualidade! Clique e veja sobre madeiras em Curitiba.\",\"breadcrumb\":{\"@id\":\"https:\/\/conectid.com.br\/gralha-azul-site\/produto\/porta-de-acm-pivotante-com-visor\/#breadcrumb\"},\"inLanguage\":\"pt-BR\",\"potentialAction\":[{\"@type\":\"ReadAction\",\"target\":[\"https:\/\/conectid.com.br\/gralha-azul-site\/produto\/porta-de-acm-pivotante-com-visor\/\"]}]},{\"@type\":\"ImageObject\",\"inLanguage\":\"pt-BR\",\"@id\":\"https:\/\/conectid.com.br\/gralha-azul-site\/produto\/porta-de-acm-pivotante-com-visor\/#primaryimage\",\"url\":\"\",\"contentUrl\":\"\"},{\"@type\":\"BreadcrumbList\",\"@id\":\"https:\/\/conectid.com.br\/gralha-azul-site\/produto\/porta-de-acm-pivotante-com-visor\/#breadcrumb\",\"itemListElement\":[{\"@type\":\"ListItem\",\"position\":1,\"name\":\"In\u00edcio\",\"item\":\"https:\/\/conectid.com.br\/gralha-azul-site\/\"},{\"@type\":\"ListItem\",\"position\":2,\"name\":\"Produtos\",\"item\":\"https:\/\/conectid.com.br\/gralha-azul-site\/produtos\/\"},{\"@type\":\"ListItem\",\"position\":3,\"name\":\"Porta de ACM Pivo com Visor\"}]},{\"@type\":\"WebSite\",\"@id\":\"https:\/\/conectid.com.br\/gralha-azul-site\/#website\",\"url\":\"https:\/\/conectid.com.br\/gralha-azul-site\/\",\"name\":\"Portas de Madeira em Curitiba - Gralha Azul\",\"description\":\"\",\"publisher\":{\"@id\":\"https:\/\/conectid.com.br\/gralha-azul-site\/#organization\"},\"potentialAction\":[{\"@type\":\"SearchAction\",\"target\":{\"@type\":\"EntryPoint\",\"urlTemplate\":\"https:\/\/conectid.com.br\/gralha-azul-site\/?s={search_term_string}\"},\"query-input\":{\"@type\":\"PropertyValueSpecification\",\"valueRequired\":true,\"valueName\":\"search_term_string\"}}],\"inLanguage\":\"pt-BR\"},{\"@type\":\"Organization\",\"@id\":\"https:\/\/conectid.com.br\/gralha-azul-site\/#organization\",\"name\":\"Portas de Madeira em Curitiba - Gralha Azul\",\"url\":\"https:\/\/conectid.com.br\/gralha-azul-site\/\",\"logo\":{\"@type\":\"ImageObject\",\"inLanguage\":\"pt-BR\",\"@id\":\"https:\/\/conectid.com.br\/gralha-azul-site\/#\/schema\/logo\/image\/\",\"url\":\"https:\/\/conectid.com.br\/gralha-azul-site\/wp-content\/uploads\/2021\/02\/gralha-azul-portas-e-madeiras.jpg\",\"contentUrl\":\"https:\/\/conectid.com.br\/gralha-azul-site\/wp-content\/uploads\/2021\/02\/gralha-azul-portas-e-madeiras.jpg\",\"width\":800,\"height\":800,\"caption\":\"Portas de Madeira em Curitiba - Gralha Azul\"},\"image\":{\"@id\":\"https:\/\/conectid.com.br\/gralha-azul-site\/#\/schema\/logo\/image\/\"},\"sameAs\":[\"https:\/\/www.facebook.com\/gralhaazulportas\",\"https:\/\/www.instagram.com\/gralhaazulportas\/\"]}]}<\/script>\n<!-- \/ Yoast SEO plugin. -->","yoast_head_json":{"title":"Porta de ACM Pivo com Visor em Curitiba","description":"Aqui na Gralha Azul voc\u00ea encontra Porta de ACM Pivo com Visor da melhor qualidade! Clique e veja sobre madeiras em Curitiba.","robots":{"index":"index","follow":"follow","max-snippet":"max-snippet:-1","max-image-preview":"max-image-preview:large","max-video-preview":"max-video-preview:-1"},"canonical":"https:\/\/conectid.com.br\/gralha-azul-site\/produto\/porta-de-acm-pivotante-com-visor\/","og_locale":"pt_BR","og_type":"article","og_title":"Porta de ACM Pivo com Visor em Curitiba","og_description":"Aqui na Gralha Azul voc\u00ea encontra Porta de ACM Pivo com Visor da melhor qualidade! Clique e veja sobre madeiras em Curitiba.","og_url":"https:\/\/conectid.com.br\/gralha-azul-site\/produto\/porta-de-acm-pivotante-com-visor\/","og_site_name":"Portas de Madeira em Curitiba - Gralha Azul","article_publisher":"https:\/\/www.facebook.com\/gralhaazulportas","twitter_card":"summary_large_image","twitter_misc":{"Est. tempo de leitura":"1 minuto"},"schema":{"@context":"https:\/\/schema.org","@graph":[{"@type":"WebPage","@id":"https:\/\/conectid.com.br\/gralha-azul-site\/produto\/porta-de-acm-pivotante-com-visor\/","url":"https:\/\/conectid.com.br\/gralha-azul-site\/produto\/porta-de-acm-pivotante-com-visor\/","name":"Porta de ACM Pivo com Visor em Curitiba","isPartOf":{"@id":"https:\/\/conectid.com.br\/gralha-azul-site\/#website"},"primaryImageOfPage":{"@id":"https:\/\/conectid.com.br\/gralha-azul-site\/produto\/porta-de-acm-pivotante-com-visor\/#primaryimage"},"image":{"@id":"https:\/\/conectid.com.br\/gralha-azul-site\/produto\/porta-de-acm-pivotante-com-visor\/#primaryimage"},"thumbnailUrl":"","datePublished":"2022-08-05T14:45:15+00:00","description":"Aqui na Gralha Azul voc\u00ea encontra Porta de ACM Pivo com Visor da melhor qualidade! Clique e veja sobre madeiras em Curitiba.","breadcrumb":{"@id":"https:\/\/conectid.com.br\/gralha-azul-site\/produto\/porta-de-acm-pivotante-com-visor\/#breadcrumb"},"inLanguage":"pt-BR","potentialAction":[{"@type":"ReadAction","target":["https:\/\/conectid.com.br\/gralha-azul-site\/produto\/porta-de-acm-pivotante-com-visor\/"]}]},{"@type":"ImageObject","inLanguage":"pt-BR","@id":"https:\/\/conectid.com.br\/gralha-azul-site\/produto\/porta-de-acm-pivotante-com-visor\/#primaryimage","url":"","contentUrl":""},{"@type":"BreadcrumbList","@id":"https:\/\/conectid.com.br\/gralha-azul-site\/produto\/porta-de-acm-pivotante-com-visor\/#breadcrumb","itemListElement":[{"@type":"ListItem","position":1,"name":"In\u00edcio","item":"https:\/\/conectid.com.br\/gralha-azul-site\/"},{"@type":"ListItem","position":2,"name":"Produtos","item":"https:\/\/conectid.com.br\/gralha-azul-site\/produtos\/"},{"@type":"ListItem","position":3,"name":"Porta de ACM Pivo com Visor"}]},{"@type":"WebSite","@id":"https:\/\/conectid.com.br\/gralha-azul-site\/#website","url":"https:\/\/conectid.com.br\/gralha-azul-site\/","name":"Portas de Madeira em Curitiba - Gralha Azul","description":"","publisher":{"@id":"https:\/\/conectid.com.br\/gralha-azul-site\/#organization"},"potentialAction":[{"@type":"SearchAction","target":{"@type":"EntryPoint","urlTemplate":"https:\/\/conectid.com.br\/gralha-azul-site\/?s={search_term_string}"},"query-input":{"@type":"PropertyValueSpecification","valueRequired":true,"valueName":"search_term_string"}}],"inLanguage":"pt-BR"},{"@type":"Organization","@id":"https:\/\/conectid.com.br\/gralha-azul-site\/#organization","name":"Portas de Madeira em Curitiba - Gralha Azul","url":"https:\/\/conectid.com.br\/gralha-azul-site\/","logo":{"@type":"ImageObject","inLanguage":"pt-BR","@id":"https:\/\/conectid.com.br\/gralha-azul-site\/#\/schema\/logo\/image\/","url":"https:\/\/conectid.com.br\/gralha-azul-site\/wp-content\/uploads\/2021\/02\/gralha-azul-portas-e-madeiras.jpg","contentUrl":"https:\/\/conectid.com.br\/gralha-azul-site\/wp-content\/uploads\/2021\/02\/gralha-azul-portas-e-madeiras.jpg","width":800,"height":800,"caption":"Portas de Madeira em Curitiba - Gralha Azul"},"image":{"@id":"https:\/\/conectid.com.br\/gralha-azul-site\/#\/schema\/logo\/image\/"},"sameAs":["https:\/\/www.facebook.com\/gralhaazulportas","https:\/\/www.instagram.com\/gralhaazulportas\/"]}]}},"_links":{"self":[{"href":"https:\/\/conectid.com.br\/gralha-azul-site\/wp-json\/wp\/v2\/product\/6184","targetHints":{"allow":["GET"]}}],"collection":[{"href":"https:\/\/conectid.com.br\/gralha-azul-site\/wp-json\/wp\/v2\/product"}],"about":[{"href":"https:\/\/conectid.com.br\/gralha-azul-site\/wp-json\/wp\/v2\/types\/product"}],"replies":[{"embeddable":true,"href":"https:\/\/conectid.com.br\/gralha-azul-site\/wp-json\/wp\/v2\/comments?post=6184"}],"wp:featuredmedia":[{"embeddable":true,"href":"https:\/\/conectid.com.br\/gralha-azul-site\/wp-json\/"}],"wp:attachment":[{"href":"https:\/\/conectid.com.br\/gralha-azul-site\/wp-json\/wp\/v2\/media?parent=6184"}],"wp:term":[{"taxonomy":"product_brand","embeddable":true,"href":"https:\/\/conectid.com.br\/gralha-azul-site\/wp-json\/wp\/v2\/product_brand?post=6184"},{"taxonomy":"product_cat","embeddable":true,"href":"https:\/\/conectid.com.br\/gralha-azul-site\/wp-json\/wp\/v2\/product_cat?post=6184"},{"taxonomy":"product_tag","embeddable":true,"href":"https:\/\/conectid.com.br\/gralha-azul-site\/wp-json\/wp\/v2\/product_tag?post=6184"}],"curies":[{"name":"wp","href":"https:\/\/api.w.org\/{rel}","templated":true}]}}