{"id":3972,"date":"2023-02-09T20:34:50","date_gmt":"2023-02-09T20:34:50","guid":{"rendered":"https:\/\/gralhaazulportas1.hospedagemdesites.ws\/?post_type=product&amp;p=3972"},"modified":"2023-02-09T20:34:50","modified_gmt":"2023-02-09T20:34:50","slug":"piso-de-carvalho-brasileiro-estruturado-engenheirado","status":"publish","type":"product","link":"https:\/\/conectid.com.br\/gralha-azul-site\/produto\/piso-de-carvalho-brasileiro-estruturado-engenheirado\/","title":{"rendered":"Piso de Carvalho Brasileiro Estruturado &#8211; Engenheirado"},"content":{"rendered":"<p>PISO DE CARVALHO BRASILEIRO\u00a0ESTRUTURADO &#8211; ENGENHEIRADO &#8211;\u00a09\u00a0CAMADAS ANTIRRISCO.<\/p>\n<p>&nbsp;<\/p>\n<p>MEDIDAS DISPON\u00cdVEIS<\/p>\n<p>12mm x 82,55m<\/p>\n<p>12mm x 101,6mm<\/p>\n<p>12mm x 127mm<\/p>\n<p>&nbsp;<\/p>\n<p>Piso estruturado \u00e9 o resultado de anos de pesquisa para o desenvolvimento de um assoalho est\u00e1vel e com \u00f3timo acabamento.<\/p>\n<p>&nbsp;<\/p>\n<p>MADEIRA DE ALTA DUREZA.<br \/>\nRESISTENTE A RISCOS E NATURALMENTE RESISTENTE A BICHOS E MOFO.<br \/>\nSEM CHEIRO.<br \/>\nSEM BRANCAL, SEM FURO DE BICHO.<\/p>\n<p>&nbsp;<\/p>\n<p>VERNIZ A BASE DE HIDR\u00d3XIDO DE ALUM\u00cdNIO APLICADO 9\u00a0ACAMADAS COM SECAGEM ULTRAVIOLETA EM C\u00c2MARAS DE PINTURA AUTOMATIZADAS<br \/>\nRESIST\u00caNCIA EXTRA \u00c0 MADEIRA CONTRA RISCOS E AMASSAMENTO.<\/p>\n<p>&nbsp;<\/p>\n<p>&nbsp;<\/p>\n<p>LUMINOSIDADE DE MADEIRA.<br \/>\nPROPORCIONA \u00d3TIMO ISOLAMENTO T\u00c9RMICO E AC\u00daSTICO.<br \/>\nENCAIXE\u00a0MACHO &amp; FEMEA NOS 4 LADOS\u00a0DAS T\u00c1BUAS PROPORCIONAM M\u00c1XIMO ACABAMENTO DEIXANDO AS EMENDAS TRAVADAS E EVITANDO QUE SE SOLTEM NO DECORRER DO TEMPO.<br \/>\nALTA DURABILIDADE\u00a0E BELA APAR\u00caNCIA AL\u00c9M DE PERFEITO\u00a0ISOLAMENTO T\u00c9RMICO E AC\u00daSTICO.<\/p>\n","protected":false},"excerpt":{"rendered":"<p>PISO DE CARVALHO BRASILEIRO\u00a0ESTRUTURADO &#8211; ENGENHEIRADO &#8211;\u00a09\u00a0CAMADAS ANTIRRISCO.<\/p>\n<p>MEDIDAS DISPON\u00cdVEIS<\/p>\n<p>12mm x 82,55m<\/p>\n<p>12mm x 101,6mm<\/p>\n<p>12mm x 127mm<\/p>\n<p>MADEIRA DE ALTA DUREZA.<br \/>\nRESISTENTE A RISCOS E NATURALMENTE RESISTENTE A BICHOS E MOFO.<br \/>\nSEM CHEIRO.<br \/>\nSEM BRANCAL, SEM FURO DE BICHO.<\/p>\n","protected":false},"featured_media":3974,"comment_status":"closed","ping_status":"closed","template":"","meta":[],"product_brand":[],"product_cat":[277],"product_tag":[],"class_list":{"0":"post-3972","1":"product","2":"type-product","3":"status-publish","4":"has-post-thumbnail","6":"product_cat-madeira-bruta-e-beneficiada","8":"first","9":"instock","10":"shipping-taxable","11":"product-type-simple"},"yoast_head":"<!-- This site is optimized with the Yoast SEO plugin v26.9 - https:\/\/yoast.com\/product\/yoast-seo-wordpress\/ -->\n<title>Piso de Carvalho Brasileiro Estruturado - Engenheirado - Portas de Madeira em Curitiba - Gralha Azul<\/title>\n<meta name=\"robots\" content=\"index, follow, max-snippet:-1, max-image-preview:large, max-video-preview:-1\" \/>\n<link rel=\"canonical\" href=\"https:\/\/conectid.com.br\/gralha-azul-site\/produto\/piso-de-carvalho-brasileiro-estruturado-engenheirado\/\" \/>\n<meta property=\"og:locale\" content=\"pt_BR\" \/>\n<meta property=\"og:type\" content=\"article\" \/>\n<meta property=\"og:title\" content=\"Piso de Carvalho Brasileiro Estruturado - Engenheirado - Portas de Madeira em Curitiba - Gralha Azul\" \/>\n<meta property=\"og:description\" content=\"PISO DE CARVALHO BRASILEIRO\u00a0ESTRUTURADO - ENGENHEIRADO -\u00a09\u00a0CAMADAS ANTIRRISCO. MEDIDAS DISPON\u00cdVEIS 12mm x 82,55m 12mm x 101,6mm 12mm x 127mm MADEIRA DE ALTA DUREZA. RESISTENTE A RISCOS E NATURALMENTE RESISTENTE A BICHOS E MOFO. SEM CHEIRO. SEM BRANCAL, SEM FURO DE BICHO.\" \/>\n<meta property=\"og:url\" content=\"https:\/\/conectid.com.br\/gralha-azul-site\/produto\/piso-de-carvalho-brasileiro-estruturado-engenheirado\/\" \/>\n<meta property=\"og:site_name\" content=\"Portas de Madeira em Curitiba - Gralha Azul\" \/>\n<meta property=\"article:publisher\" content=\"https:\/\/www.facebook.com\/gralhaazulportas\" \/>\n<meta name=\"twitter:card\" content=\"summary_large_image\" \/>\n<meta name=\"twitter:label1\" content=\"Est. tempo de leitura\" \/>\n\t<meta name=\"twitter:data1\" content=\"1 minuto\" \/>\n<script type=\"application\/ld+json\" class=\"yoast-schema-graph\">{\"@context\":\"https:\/\/schema.org\",\"@graph\":[{\"@type\":\"WebPage\",\"@id\":\"https:\/\/conectid.com.br\/gralha-azul-site\/produto\/piso-de-carvalho-brasileiro-estruturado-engenheirado\/\",\"url\":\"https:\/\/conectid.com.br\/gralha-azul-site\/produto\/piso-de-carvalho-brasileiro-estruturado-engenheirado\/\",\"name\":\"Piso de Carvalho Brasileiro Estruturado - Engenheirado - Portas de Madeira em Curitiba - Gralha Azul\",\"isPartOf\":{\"@id\":\"https:\/\/conectid.com.br\/gralha-azul-site\/#website\"},\"primaryImageOfPage\":{\"@id\":\"https:\/\/conectid.com.br\/gralha-azul-site\/produto\/piso-de-carvalho-brasileiro-estruturado-engenheirado\/#primaryimage\"},\"image\":{\"@id\":\"https:\/\/conectid.com.br\/gralha-azul-site\/produto\/piso-de-carvalho-brasileiro-estruturado-engenheirado\/#primaryimage\"},\"thumbnailUrl\":\"\",\"datePublished\":\"2023-02-09T20:34:50+00:00\",\"breadcrumb\":{\"@id\":\"https:\/\/conectid.com.br\/gralha-azul-site\/produto\/piso-de-carvalho-brasileiro-estruturado-engenheirado\/#breadcrumb\"},\"inLanguage\":\"pt-BR\",\"potentialAction\":[{\"@type\":\"ReadAction\",\"target\":[\"https:\/\/conectid.com.br\/gralha-azul-site\/produto\/piso-de-carvalho-brasileiro-estruturado-engenheirado\/\"]}]},{\"@type\":\"ImageObject\",\"inLanguage\":\"pt-BR\",\"@id\":\"https:\/\/conectid.com.br\/gralha-azul-site\/produto\/piso-de-carvalho-brasileiro-estruturado-engenheirado\/#primaryimage\",\"url\":\"\",\"contentUrl\":\"\"},{\"@type\":\"BreadcrumbList\",\"@id\":\"https:\/\/conectid.com.br\/gralha-azul-site\/produto\/piso-de-carvalho-brasileiro-estruturado-engenheirado\/#breadcrumb\",\"itemListElement\":[{\"@type\":\"ListItem\",\"position\":1,\"name\":\"In\u00edcio\",\"item\":\"https:\/\/conectid.com.br\/gralha-azul-site\/\"},{\"@type\":\"ListItem\",\"position\":2,\"name\":\"Produtos\",\"item\":\"https:\/\/conectid.com.br\/gralha-azul-site\/produtos\/\"},{\"@type\":\"ListItem\",\"position\":3,\"name\":\"Piso de Carvalho Brasileiro Estruturado &#8211; Engenheirado\"}]},{\"@type\":\"WebSite\",\"@id\":\"https:\/\/conectid.com.br\/gralha-azul-site\/#website\",\"url\":\"https:\/\/conectid.com.br\/gralha-azul-site\/\",\"name\":\"Portas de Madeira em Curitiba - Gralha Azul\",\"description\":\"\",\"publisher\":{\"@id\":\"https:\/\/conectid.com.br\/gralha-azul-site\/#organization\"},\"potentialAction\":[{\"@type\":\"SearchAction\",\"target\":{\"@type\":\"EntryPoint\",\"urlTemplate\":\"https:\/\/conectid.com.br\/gralha-azul-site\/?s={search_term_string}\"},\"query-input\":{\"@type\":\"PropertyValueSpecification\",\"valueRequired\":true,\"valueName\":\"search_term_string\"}}],\"inLanguage\":\"pt-BR\"},{\"@type\":\"Organization\",\"@id\":\"https:\/\/conectid.com.br\/gralha-azul-site\/#organization\",\"name\":\"Portas de Madeira em Curitiba - Gralha Azul\",\"url\":\"https:\/\/conectid.com.br\/gralha-azul-site\/\",\"logo\":{\"@type\":\"ImageObject\",\"inLanguage\":\"pt-BR\",\"@id\":\"https:\/\/conectid.com.br\/gralha-azul-site\/#\/schema\/logo\/image\/\",\"url\":\"https:\/\/conectid.com.br\/gralha-azul-site\/wp-content\/uploads\/2021\/02\/gralha-azul-portas-e-madeiras.jpg\",\"contentUrl\":\"https:\/\/conectid.com.br\/gralha-azul-site\/wp-content\/uploads\/2021\/02\/gralha-azul-portas-e-madeiras.jpg\",\"width\":800,\"height\":800,\"caption\":\"Portas de Madeira em Curitiba - Gralha Azul\"},\"image\":{\"@id\":\"https:\/\/conectid.com.br\/gralha-azul-site\/#\/schema\/logo\/image\/\"},\"sameAs\":[\"https:\/\/www.facebook.com\/gralhaazulportas\",\"https:\/\/www.instagram.com\/gralhaazulportas\/\"]}]}<\/script>\n<!-- \/ Yoast SEO plugin. -->","yoast_head_json":{"title":"Piso de Carvalho Brasileiro Estruturado - Engenheirado - Portas de Madeira em Curitiba - Gralha Azul","robots":{"index":"index","follow":"follow","max-snippet":"max-snippet:-1","max-image-preview":"max-image-preview:large","max-video-preview":"max-video-preview:-1"},"canonical":"https:\/\/conectid.com.br\/gralha-azul-site\/produto\/piso-de-carvalho-brasileiro-estruturado-engenheirado\/","og_locale":"pt_BR","og_type":"article","og_title":"Piso de Carvalho Brasileiro Estruturado - Engenheirado - Portas de Madeira em Curitiba - Gralha Azul","og_description":"PISO DE CARVALHO BRASILEIRO\u00a0ESTRUTURADO - ENGENHEIRADO -\u00a09\u00a0CAMADAS ANTIRRISCO. MEDIDAS DISPON\u00cdVEIS 12mm x 82,55m 12mm x 101,6mm 12mm x 127mm MADEIRA DE ALTA DUREZA. RESISTENTE A RISCOS E NATURALMENTE RESISTENTE A BICHOS E MOFO. SEM CHEIRO. SEM BRANCAL, SEM FURO DE BICHO.","og_url":"https:\/\/conectid.com.br\/gralha-azul-site\/produto\/piso-de-carvalho-brasileiro-estruturado-engenheirado\/","og_site_name":"Portas de Madeira em Curitiba - Gralha Azul","article_publisher":"https:\/\/www.facebook.com\/gralhaazulportas","twitter_card":"summary_large_image","twitter_misc":{"Est. tempo de leitura":"1 minuto"},"schema":{"@context":"https:\/\/schema.org","@graph":[{"@type":"WebPage","@id":"https:\/\/conectid.com.br\/gralha-azul-site\/produto\/piso-de-carvalho-brasileiro-estruturado-engenheirado\/","url":"https:\/\/conectid.com.br\/gralha-azul-site\/produto\/piso-de-carvalho-brasileiro-estruturado-engenheirado\/","name":"Piso de Carvalho Brasileiro Estruturado - Engenheirado - Portas de Madeira em Curitiba - Gralha Azul","isPartOf":{"@id":"https:\/\/conectid.com.br\/gralha-azul-site\/#website"},"primaryImageOfPage":{"@id":"https:\/\/conectid.com.br\/gralha-azul-site\/produto\/piso-de-carvalho-brasileiro-estruturado-engenheirado\/#primaryimage"},"image":{"@id":"https:\/\/conectid.com.br\/gralha-azul-site\/produto\/piso-de-carvalho-brasileiro-estruturado-engenheirado\/#primaryimage"},"thumbnailUrl":"","datePublished":"2023-02-09T20:34:50+00:00","breadcrumb":{"@id":"https:\/\/conectid.com.br\/gralha-azul-site\/produto\/piso-de-carvalho-brasileiro-estruturado-engenheirado\/#breadcrumb"},"inLanguage":"pt-BR","potentialAction":[{"@type":"ReadAction","target":["https:\/\/conectid.com.br\/gralha-azul-site\/produto\/piso-de-carvalho-brasileiro-estruturado-engenheirado\/"]}]},{"@type":"ImageObject","inLanguage":"pt-BR","@id":"https:\/\/conectid.com.br\/gralha-azul-site\/produto\/piso-de-carvalho-brasileiro-estruturado-engenheirado\/#primaryimage","url":"","contentUrl":""},{"@type":"BreadcrumbList","@id":"https:\/\/conectid.com.br\/gralha-azul-site\/produto\/piso-de-carvalho-brasileiro-estruturado-engenheirado\/#breadcrumb","itemListElement":[{"@type":"ListItem","position":1,"name":"In\u00edcio","item":"https:\/\/conectid.com.br\/gralha-azul-site\/"},{"@type":"ListItem","position":2,"name":"Produtos","item":"https:\/\/conectid.com.br\/gralha-azul-site\/produtos\/"},{"@type":"ListItem","position":3,"name":"Piso de Carvalho Brasileiro Estruturado &#8211; Engenheirado"}]},{"@type":"WebSite","@id":"https:\/\/conectid.com.br\/gralha-azul-site\/#website","url":"https:\/\/conectid.com.br\/gralha-azul-site\/","name":"Portas de Madeira em Curitiba - Gralha Azul","description":"","publisher":{"@id":"https:\/\/conectid.com.br\/gralha-azul-site\/#organization"},"potentialAction":[{"@type":"SearchAction","target":{"@type":"EntryPoint","urlTemplate":"https:\/\/conectid.com.br\/gralha-azul-site\/?s={search_term_string}"},"query-input":{"@type":"PropertyValueSpecification","valueRequired":true,"valueName":"search_term_string"}}],"inLanguage":"pt-BR"},{"@type":"Organization","@id":"https:\/\/conectid.com.br\/gralha-azul-site\/#organization","name":"Portas de Madeira em Curitiba - Gralha Azul","url":"https:\/\/conectid.com.br\/gralha-azul-site\/","logo":{"@type":"ImageObject","inLanguage":"pt-BR","@id":"https:\/\/conectid.com.br\/gralha-azul-site\/#\/schema\/logo\/image\/","url":"https:\/\/conectid.com.br\/gralha-azul-site\/wp-content\/uploads\/2021\/02\/gralha-azul-portas-e-madeiras.jpg","contentUrl":"https:\/\/conectid.com.br\/gralha-azul-site\/wp-content\/uploads\/2021\/02\/gralha-azul-portas-e-madeiras.jpg","width":800,"height":800,"caption":"Portas de Madeira em Curitiba - Gralha Azul"},"image":{"@id":"https:\/\/conectid.com.br\/gralha-azul-site\/#\/schema\/logo\/image\/"},"sameAs":["https:\/\/www.facebook.com\/gralhaazulportas","https:\/\/www.instagram.com\/gralhaazulportas\/"]}]}},"_links":{"self":[{"href":"https:\/\/conectid.com.br\/gralha-azul-site\/wp-json\/wp\/v2\/product\/3972","targetHints":{"allow":["GET"]}}],"collection":[{"href":"https:\/\/conectid.com.br\/gralha-azul-site\/wp-json\/wp\/v2\/product"}],"about":[{"href":"https:\/\/conectid.com.br\/gralha-azul-site\/wp-json\/wp\/v2\/types\/product"}],"replies":[{"embeddable":true,"href":"https:\/\/conectid.com.br\/gralha-azul-site\/wp-json\/wp\/v2\/comments?post=3972"}],"wp:featuredmedia":[{"embeddable":true,"href":"https:\/\/conectid.com.br\/gralha-azul-site\/wp-json\/"}],"wp:attachment":[{"href":"https:\/\/conectid.com.br\/gralha-azul-site\/wp-json\/wp\/v2\/media?parent=3972"}],"wp:term":[{"taxonomy":"product_brand","embeddable":true,"href":"https:\/\/conectid.com.br\/gralha-azul-site\/wp-json\/wp\/v2\/product_brand?post=3972"},{"taxonomy":"product_cat","embeddable":true,"href":"https:\/\/conectid.com.br\/gralha-azul-site\/wp-json\/wp\/v2\/product_cat?post=3972"},{"taxonomy":"product_tag","embeddable":true,"href":"https:\/\/conectid.com.br\/gralha-azul-site\/wp-json\/wp\/v2\/product_tag?post=3972"}],"curies":[{"name":"wp","href":"https:\/\/api.w.org\/{rel}","templated":true}]}}