{"id":3199,"date":"2022-08-11T14:42:29","date_gmt":"2022-08-11T14:42:29","guid":{"rendered":"https:\/\/gralhaazulportas1.hospedagemdesites.ws\/?post_type=product&amp;p=3199"},"modified":"2022-08-11T14:42:29","modified_gmt":"2022-08-11T14:42:29","slug":"porta-de-acm-classica-pivotante-duas-folhas-com-visor-e-painel-fixo","status":"publish","type":"product","link":"https:\/\/conectid.com.br\/gralha-azul-site\/produto\/porta-de-acm-classica-pivotante-duas-folhas-com-visor-e-painel-fixo\/","title":{"rendered":"Porta de ACM Cl\u00e1ssica Pivotante duas folhas com Visor e Painel Fixo"},"content":{"rendered":"<p><strong>FICHA T\u00c9CNICA<\/strong><\/p>\n<p><b>LOCAL DE USO: <\/b><span style=\"font-weight: 400;\">\u00c1reas externas ou internas.<\/span><\/p>\n<p><b>INTERIOR DA PORTA: <\/b><span style=\"font-weight: 400;\">Estrutura 100% em Alum\u00ednio; n\u00e3o utilizamos Ferro, pois diminui a vida \u00fatil da porta. Toda a estrutura \u00e9 soldada, sem o uso de rebites nas jun\u00e7\u00f5es para evitar o rompimento da estrutura. Todas as portas s\u00e3o preenchidas com isopor para melhor desempenho termoac\u00fastico.<\/span><\/p>\n<p><b>CHAPA DE ACM: <\/b><span style=\"font-weight: 400;\">4mm (Kynar) Preta.<\/span><\/p>\n<p><b>CAIXILHO: <\/b><span style=\"font-weight: 400;\">Perfil de caixilho desenvolvido pela Gralha Azul ACM Premium Doors patenteado no INPI. Fabricados com encaixe para a borracha de veda\u00e7\u00e3o e 100% extrusados (sem emendas).<\/span><\/p>\n<p><b>VISTAS: <\/b><span style=\"font-weight: 400;\">Fabricadas nas medidas de acordo com o projeto.<\/span><\/p>\n<p><b>FECHADURA: <\/b><span style=\"font-weight: 400;\">Sob consulta.<\/span><\/p>\n<p><b>PUXADOR: <\/b><span style=\"font-weight: 400;\">Cl\u00e1ssico.<\/span><\/p>\n<p><b>INSTALA\u00c7\u00c3O:<\/b><span style=\"font-weight: 400;\"> Inclusa.<\/span><\/p>\n","protected":false},"excerpt":{"rendered":"<p><span style=\"font-weight: 400;\">ACM &#8211; sigla para <\/span><i><span style=\"font-weight: 400;\">Aluminum Composite Material<\/span><\/i><span style=\"font-weight: 400;\"> &#8211; \u00e9 um material composto pela jun\u00e7\u00e3o de duas chapas de alum\u00ednio com um n\u00facleo de polietileno. Essa estrutura garante um material leve, por\u00e9m forte e resistente. <\/span><\/p>\n<p><span style=\"font-weight: 400;\">Porta livre de empenamento e cupins; altamente resistente \u00e0 \u00e1gua, ao sol e intemp\u00e9ries. <\/span><span style=\"font-weight: 400;\">As portas de ACM s\u00e3o excelentes para projetos especiais que exigem maior flexibilidade de design, <\/span>pois s\u00e3o fabricadas sob medida.<\/p>\n<p><span style=\"color: #000000;\"><strong>VANTAGENS DO ACM<\/strong>\u00a0<\/span><\/p>\n<p><img decoding=\"async\" class=\"alignleft wp-image-3180 lazyload\" title=\"Porta livre de cupins e empenamento\" data-src=\"https:\/\/gralhaazulportas1.hospedagemdesites.ws\/wp-content\/uploads\/2022\/08\/livre-de-empenar_site-300x183.png\" alt=\"Porta livre de cupins e empenamento\" width=\"152\" height=\"93\" src=\"data:image\/gif;base64,R0lGODlhAQABAAAAACH5BAEKAAEALAAAAAABAAEAAAICTAEAOw==\" style=\"--smush-placeholder-width: 152px; --smush-placeholder-aspect-ratio: 152\/93;\" \/><\/p>\n<p><img decoding=\"async\" class=\"alignleft wp-image-3177 lazyload\" title=\"Material at\u00e9 30% mais leve\" data-src=\"https:\/\/gralhaazulportas1.hospedagemdesites.ws\/wp-content\/uploads\/2022\/08\/SITE-MATERIAL-LEVE-300x183.png\" alt=\"Material at\u00e9 30% mais leve\" width=\"154\" height=\"94\" src=\"data:image\/gif;base64,R0lGODlhAQABAAAAACH5BAEKAAEALAAAAAABAAEAAAICTAEAOw==\" style=\"--smush-placeholder-width: 154px; --smush-placeholder-aspect-ratio: 154\/94;\" \/><img decoding=\"async\" class=\"alignleft wp-image-3186 lazyload\" title=\"Mais de 100 op\u00e7\u00f5es de cores\" data-src=\"https:\/\/gralhaazulportas1.hospedagemdesites.ws\/wp-content\/uploads\/2022\/08\/OPCOES_SITE-300x194.png\" alt=\"Mais de 100 op\u00e7\u00f5es de cores\" width=\"146\" height=\"94\" src=\"data:image\/gif;base64,R0lGODlhAQABAAAAACH5BAEKAAEALAAAAAABAAEAAAICTAEAOw==\" style=\"--smush-placeholder-width: 146px; --smush-placeholder-aspect-ratio: 146\/94;\" \/><img decoding=\"async\" class=\"wp-image-3179 alignleft lazyload\" data-src=\"https:\/\/gralhaazulportas1.hospedagemdesites.ws\/wp-content\/uploads\/2022\/08\/facil_limpeza_SITE-300x194.png\" alt=\"\" width=\"147\" height=\"95\" src=\"data:image\/gif;base64,R0lGODlhAQABAAAAACH5BAEKAAEALAAAAAABAAEAAAICTAEAOw==\" style=\"--smush-placeholder-width: 147px; --smush-placeholder-aspect-ratio: 147\/95;\" \/><img decoding=\"async\" class=\"wp-image-3187 alignleft lazyload\" data-src=\"https:\/\/gralhaazulportas1.hospedagemdesites.ws\/wp-content\/uploads\/2022\/08\/SITE-SOB-MEDIDA-300x184.png\" alt=\"\" width=\"154\" height=\"95\" src=\"data:image\/gif;base64,R0lGODlhAQABAAAAACH5BAEKAAEALAAAAAABAAEAAAICTAEAOw==\" style=\"--smush-placeholder-width: 154px; --smush-placeholder-aspect-ratio: 154\/95;\" \/><img decoding=\"async\" class=\"wp-image-3192 alignleft lazyload\" data-src=\"https:\/\/gralhaazulportas1.hospedagemdesites.ws\/wp-content\/uploads\/2022\/08\/RESISTENTE-INTEMPERIES02-300x183.png\" alt=\"\" width=\"152\" height=\"93\" src=\"data:image\/gif;base64,R0lGODlhAQABAAAAACH5BAEKAAEALAAAAAABAAEAAAICTAEAOw==\" style=\"--smush-placeholder-width: 152px; --smush-placeholder-aspect-ratio: 152\/93;\" \/><\/p>\n<p>&nbsp;<\/p>\n<p>&nbsp;<\/p>\n<p>&nbsp;<\/p>\n<p><span style=\"color: #000000;\"><strong>DIFERENCIAL DAS PORTAS GRALHA AZUL ACM PREMIUM DOORS<\/strong><\/span><\/p>\n<p><img decoding=\"async\" class=\"wp-image-3181 alignleft lazyload\" data-src=\"https:\/\/gralhaazulportas1.hospedagemdesites.ws\/wp-content\/uploads\/2022\/08\/PERFIL_GRALHA-AZUL-300x201.png\" alt=\"\" width=\"136\" height=\"91\" src=\"data:image\/gif;base64,R0lGODlhAQABAAAAACH5BAEKAAEALAAAAAABAAEAAAICTAEAOw==\" style=\"--smush-placeholder-width: 136px; --smush-placeholder-aspect-ratio: 136\/91;\" \/><img decoding=\"async\" class=\"wp-image-3182 alignleft lazyload\" data-src=\"https:\/\/gralhaazulportas1.hospedagemdesites.ws\/wp-content\/uploads\/2022\/08\/100-ALUMINIO-300x202.png\" alt=\"\" width=\"138\" height=\"93\" src=\"data:image\/gif;base64,R0lGODlhAQABAAAAACH5BAEKAAEALAAAAAABAAEAAAICTAEAOw==\" style=\"--smush-placeholder-width: 138px; --smush-placeholder-aspect-ratio: 138\/93;\" \/><\/p>\n<p><img decoding=\"async\" class=\"wp-image-3183 alignleft lazyload\" data-src=\"https:\/\/gralhaazulportas1.hospedagemdesites.ws\/wp-content\/uploads\/2022\/08\/100-PREENCHIDA-ISOPOR-300x180.png\" alt=\"\" width=\"156\" height=\"93\" src=\"data:image\/gif;base64,R0lGODlhAQABAAAAACH5BAEKAAEALAAAAAABAAEAAAICTAEAOw==\" style=\"--smush-placeholder-width: 156px; --smush-placeholder-aspect-ratio: 156\/93;\" \/><\/p>\n<p><img decoding=\"async\" class=\"wp-image-3185 alignleft lazyload\" data-src=\"https:\/\/gralhaazulportas1.hospedagemdesites.ws\/wp-content\/uploads\/2022\/08\/SITE-isolamento_termoacustico-300x183.png\" alt=\"\" width=\"154\" height=\"94\" src=\"data:image\/gif;base64,R0lGODlhAQABAAAAACH5BAEKAAEALAAAAAABAAEAAAICTAEAOw==\" style=\"--smush-placeholder-width: 154px; --smush-placeholder-aspect-ratio: 154\/94;\" \/><img decoding=\"async\" class=\"wp-image-3184 alignleft lazyload\" data-src=\"https:\/\/gralhaazulportas1.hospedagemdesites.ws\/wp-content\/uploads\/2022\/08\/ESTRUTURA_SOLDADA-300x190.png\" alt=\"\" width=\"148\" height=\"94\" src=\"data:image\/gif;base64,R0lGODlhAQABAAAAACH5BAEKAAEALAAAAAABAAEAAAICTAEAOw==\" style=\"--smush-placeholder-width: 148px; --smush-placeholder-aspect-ratio: 148\/94;\" \/><img decoding=\"async\" class=\"wp-image-3188 alignleft lazyload\" data-src=\"https:\/\/gralhaazulportas1.hospedagemdesites.ws\/wp-content\/uploads\/2022\/08\/INSTALACAO_EQUIPE-300x199.png\" alt=\"\" width=\"140\" height=\"93\" src=\"data:image\/gif;base64,R0lGODlhAQABAAAAACH5BAEKAAEALAAAAAABAAEAAAICTAEAOw==\" style=\"--smush-placeholder-width: 140px; --smush-placeholder-aspect-ratio: 140\/93;\" \/><\/p>\n<p>&nbsp;<\/p>\n<p>&nbsp;<\/p>\n<p>&nbsp;<\/p>\n","protected":false},"featured_media":3205,"comment_status":"closed","ping_status":"closed","template":"","meta":[],"product_brand":[],"product_cat":[284],"product_tag":[152,153],"class_list":{"0":"post-3199","1":"product","2":"type-product","3":"status-publish","4":"has-post-thumbnail","6":"product_cat-portas-em-acm-em-curitiba","7":"product_tag-porta-de-acm","8":"product_tag-puxador-cava","10":"first","11":"instock","12":"shipping-taxable","13":"product-type-simple"},"yoast_head":"<!-- This site is optimized with the Yoast SEO plugin v26.9 - https:\/\/yoast.com\/product\/yoast-seo-wordpress\/ -->\n<title>Porta de ACM Cl\u00e1ssica Pivotante duas folhas com Visor e Painel Fixo<\/title>\n<meta name=\"description\" content=\"Aqui na Gralha Azul voc\u00ea encontra Porta de ACM Cl\u00e1ssica Pivotante duas folhas com Visor e Painel Fixo da melhor qualidade!\" \/>\n<meta name=\"robots\" content=\"index, follow, max-snippet:-1, max-image-preview:large, max-video-preview:-1\" \/>\n<link rel=\"canonical\" href=\"https:\/\/conectid.com.br\/gralha-azul-site\/produto\/porta-de-acm-classica-pivotante-duas-folhas-com-visor-e-painel-fixo\/\" \/>\n<meta property=\"og:locale\" content=\"pt_BR\" \/>\n<meta property=\"og:type\" content=\"article\" \/>\n<meta property=\"og:title\" content=\"Porta de ACM Cl\u00e1ssica Pivotante duas folhas com Visor e Painel Fixo\" \/>\n<meta property=\"og:description\" content=\"Aqui na Gralha Azul voc\u00ea encontra Porta de ACM Cl\u00e1ssica Pivotante duas folhas com Visor e Painel Fixo da melhor qualidade!\" \/>\n<meta property=\"og:url\" content=\"https:\/\/conectid.com.br\/gralha-azul-site\/produto\/porta-de-acm-classica-pivotante-duas-folhas-com-visor-e-painel-fixo\/\" \/>\n<meta property=\"og:site_name\" content=\"Portas de Madeira em Curitiba - Gralha Azul\" \/>\n<meta property=\"article:publisher\" content=\"https:\/\/www.facebook.com\/gralhaazulportas\" \/>\n<meta name=\"twitter:card\" content=\"summary_large_image\" \/>\n<meta name=\"twitter:label1\" content=\"Est. tempo de leitura\" \/>\n\t<meta name=\"twitter:data1\" content=\"1 minuto\" \/>\n<script type=\"application\/ld+json\" class=\"yoast-schema-graph\">{\"@context\":\"https:\/\/schema.org\",\"@graph\":[{\"@type\":\"WebPage\",\"@id\":\"https:\/\/conectid.com.br\/gralha-azul-site\/produto\/porta-de-acm-classica-pivotante-duas-folhas-com-visor-e-painel-fixo\/\",\"url\":\"https:\/\/conectid.com.br\/gralha-azul-site\/produto\/porta-de-acm-classica-pivotante-duas-folhas-com-visor-e-painel-fixo\/\",\"name\":\"Porta de ACM Cl\u00e1ssica Pivotante duas folhas com Visor e Painel Fixo\",\"isPartOf\":{\"@id\":\"https:\/\/conectid.com.br\/gralha-azul-site\/#website\"},\"primaryImageOfPage\":{\"@id\":\"https:\/\/conectid.com.br\/gralha-azul-site\/produto\/porta-de-acm-classica-pivotante-duas-folhas-com-visor-e-painel-fixo\/#primaryimage\"},\"image\":{\"@id\":\"https:\/\/conectid.com.br\/gralha-azul-site\/produto\/porta-de-acm-classica-pivotante-duas-folhas-com-visor-e-painel-fixo\/#primaryimage\"},\"thumbnailUrl\":\"\",\"datePublished\":\"2022-08-11T14:42:29+00:00\",\"description\":\"Aqui na Gralha Azul voc\u00ea encontra Porta de ACM Cl\u00e1ssica Pivotante duas folhas com Visor e Painel Fixo da melhor qualidade!\",\"breadcrumb\":{\"@id\":\"https:\/\/conectid.com.br\/gralha-azul-site\/produto\/porta-de-acm-classica-pivotante-duas-folhas-com-visor-e-painel-fixo\/#breadcrumb\"},\"inLanguage\":\"pt-BR\",\"potentialAction\":[{\"@type\":\"ReadAction\",\"target\":[\"https:\/\/conectid.com.br\/gralha-azul-site\/produto\/porta-de-acm-classica-pivotante-duas-folhas-com-visor-e-painel-fixo\/\"]}]},{\"@type\":\"ImageObject\",\"inLanguage\":\"pt-BR\",\"@id\":\"https:\/\/conectid.com.br\/gralha-azul-site\/produto\/porta-de-acm-classica-pivotante-duas-folhas-com-visor-e-painel-fixo\/#primaryimage\",\"url\":\"\",\"contentUrl\":\"\"},{\"@type\":\"BreadcrumbList\",\"@id\":\"https:\/\/conectid.com.br\/gralha-azul-site\/produto\/porta-de-acm-classica-pivotante-duas-folhas-com-visor-e-painel-fixo\/#breadcrumb\",\"itemListElement\":[{\"@type\":\"ListItem\",\"position\":1,\"name\":\"In\u00edcio\",\"item\":\"https:\/\/conectid.com.br\/gralha-azul-site\/\"},{\"@type\":\"ListItem\",\"position\":2,\"name\":\"Produtos\",\"item\":\"https:\/\/conectid.com.br\/gralha-azul-site\/produtos\/\"},{\"@type\":\"ListItem\",\"position\":3,\"name\":\"Porta de ACM Cl\u00e1ssica Pivotante duas folhas com Visor e Painel Fixo\"}]},{\"@type\":\"WebSite\",\"@id\":\"https:\/\/conectid.com.br\/gralha-azul-site\/#website\",\"url\":\"https:\/\/conectid.com.br\/gralha-azul-site\/\",\"name\":\"Portas de Madeira em Curitiba - Gralha Azul\",\"description\":\"\",\"publisher\":{\"@id\":\"https:\/\/conectid.com.br\/gralha-azul-site\/#organization\"},\"potentialAction\":[{\"@type\":\"SearchAction\",\"target\":{\"@type\":\"EntryPoint\",\"urlTemplate\":\"https:\/\/conectid.com.br\/gralha-azul-site\/?s={search_term_string}\"},\"query-input\":{\"@type\":\"PropertyValueSpecification\",\"valueRequired\":true,\"valueName\":\"search_term_string\"}}],\"inLanguage\":\"pt-BR\"},{\"@type\":\"Organization\",\"@id\":\"https:\/\/conectid.com.br\/gralha-azul-site\/#organization\",\"name\":\"Portas de Madeira em Curitiba - Gralha Azul\",\"url\":\"https:\/\/conectid.com.br\/gralha-azul-site\/\",\"logo\":{\"@type\":\"ImageObject\",\"inLanguage\":\"pt-BR\",\"@id\":\"https:\/\/conectid.com.br\/gralha-azul-site\/#\/schema\/logo\/image\/\",\"url\":\"https:\/\/conectid.com.br\/gralha-azul-site\/wp-content\/uploads\/2021\/02\/gralha-azul-portas-e-madeiras.jpg\",\"contentUrl\":\"https:\/\/conectid.com.br\/gralha-azul-site\/wp-content\/uploads\/2021\/02\/gralha-azul-portas-e-madeiras.jpg\",\"width\":800,\"height\":800,\"caption\":\"Portas de Madeira em Curitiba - Gralha Azul\"},\"image\":{\"@id\":\"https:\/\/conectid.com.br\/gralha-azul-site\/#\/schema\/logo\/image\/\"},\"sameAs\":[\"https:\/\/www.facebook.com\/gralhaazulportas\",\"https:\/\/www.instagram.com\/gralhaazulportas\/\"]}]}<\/script>\n<!-- \/ Yoast SEO plugin. -->","yoast_head_json":{"title":"Porta de ACM Cl\u00e1ssica Pivotante duas folhas com Visor e Painel Fixo","description":"Aqui na Gralha Azul voc\u00ea encontra Porta de ACM Cl\u00e1ssica Pivotante duas folhas com Visor e Painel Fixo da melhor qualidade!","robots":{"index":"index","follow":"follow","max-snippet":"max-snippet:-1","max-image-preview":"max-image-preview:large","max-video-preview":"max-video-preview:-1"},"canonical":"https:\/\/conectid.com.br\/gralha-azul-site\/produto\/porta-de-acm-classica-pivotante-duas-folhas-com-visor-e-painel-fixo\/","og_locale":"pt_BR","og_type":"article","og_title":"Porta de ACM Cl\u00e1ssica Pivotante duas folhas com Visor e Painel Fixo","og_description":"Aqui na Gralha Azul voc\u00ea encontra Porta de ACM Cl\u00e1ssica Pivotante duas folhas com Visor e Painel Fixo da melhor qualidade!","og_url":"https:\/\/conectid.com.br\/gralha-azul-site\/produto\/porta-de-acm-classica-pivotante-duas-folhas-com-visor-e-painel-fixo\/","og_site_name":"Portas de Madeira em Curitiba - Gralha Azul","article_publisher":"https:\/\/www.facebook.com\/gralhaazulportas","twitter_card":"summary_large_image","twitter_misc":{"Est. tempo de leitura":"1 minuto"},"schema":{"@context":"https:\/\/schema.org","@graph":[{"@type":"WebPage","@id":"https:\/\/conectid.com.br\/gralha-azul-site\/produto\/porta-de-acm-classica-pivotante-duas-folhas-com-visor-e-painel-fixo\/","url":"https:\/\/conectid.com.br\/gralha-azul-site\/produto\/porta-de-acm-classica-pivotante-duas-folhas-com-visor-e-painel-fixo\/","name":"Porta de ACM Cl\u00e1ssica Pivotante duas folhas com Visor e Painel Fixo","isPartOf":{"@id":"https:\/\/conectid.com.br\/gralha-azul-site\/#website"},"primaryImageOfPage":{"@id":"https:\/\/conectid.com.br\/gralha-azul-site\/produto\/porta-de-acm-classica-pivotante-duas-folhas-com-visor-e-painel-fixo\/#primaryimage"},"image":{"@id":"https:\/\/conectid.com.br\/gralha-azul-site\/produto\/porta-de-acm-classica-pivotante-duas-folhas-com-visor-e-painel-fixo\/#primaryimage"},"thumbnailUrl":"","datePublished":"2022-08-11T14:42:29+00:00","description":"Aqui na Gralha Azul voc\u00ea encontra Porta de ACM Cl\u00e1ssica Pivotante duas folhas com Visor e Painel Fixo da melhor qualidade!","breadcrumb":{"@id":"https:\/\/conectid.com.br\/gralha-azul-site\/produto\/porta-de-acm-classica-pivotante-duas-folhas-com-visor-e-painel-fixo\/#breadcrumb"},"inLanguage":"pt-BR","potentialAction":[{"@type":"ReadAction","target":["https:\/\/conectid.com.br\/gralha-azul-site\/produto\/porta-de-acm-classica-pivotante-duas-folhas-com-visor-e-painel-fixo\/"]}]},{"@type":"ImageObject","inLanguage":"pt-BR","@id":"https:\/\/conectid.com.br\/gralha-azul-site\/produto\/porta-de-acm-classica-pivotante-duas-folhas-com-visor-e-painel-fixo\/#primaryimage","url":"","contentUrl":""},{"@type":"BreadcrumbList","@id":"https:\/\/conectid.com.br\/gralha-azul-site\/produto\/porta-de-acm-classica-pivotante-duas-folhas-com-visor-e-painel-fixo\/#breadcrumb","itemListElement":[{"@type":"ListItem","position":1,"name":"In\u00edcio","item":"https:\/\/conectid.com.br\/gralha-azul-site\/"},{"@type":"ListItem","position":2,"name":"Produtos","item":"https:\/\/conectid.com.br\/gralha-azul-site\/produtos\/"},{"@type":"ListItem","position":3,"name":"Porta de ACM Cl\u00e1ssica Pivotante duas folhas com Visor e Painel Fixo"}]},{"@type":"WebSite","@id":"https:\/\/conectid.com.br\/gralha-azul-site\/#website","url":"https:\/\/conectid.com.br\/gralha-azul-site\/","name":"Portas de Madeira em Curitiba - Gralha Azul","description":"","publisher":{"@id":"https:\/\/conectid.com.br\/gralha-azul-site\/#organization"},"potentialAction":[{"@type":"SearchAction","target":{"@type":"EntryPoint","urlTemplate":"https:\/\/conectid.com.br\/gralha-azul-site\/?s={search_term_string}"},"query-input":{"@type":"PropertyValueSpecification","valueRequired":true,"valueName":"search_term_string"}}],"inLanguage":"pt-BR"},{"@type":"Organization","@id":"https:\/\/conectid.com.br\/gralha-azul-site\/#organization","name":"Portas de Madeira em Curitiba - Gralha Azul","url":"https:\/\/conectid.com.br\/gralha-azul-site\/","logo":{"@type":"ImageObject","inLanguage":"pt-BR","@id":"https:\/\/conectid.com.br\/gralha-azul-site\/#\/schema\/logo\/image\/","url":"https:\/\/conectid.com.br\/gralha-azul-site\/wp-content\/uploads\/2021\/02\/gralha-azul-portas-e-madeiras.jpg","contentUrl":"https:\/\/conectid.com.br\/gralha-azul-site\/wp-content\/uploads\/2021\/02\/gralha-azul-portas-e-madeiras.jpg","width":800,"height":800,"caption":"Portas de Madeira em Curitiba - Gralha Azul"},"image":{"@id":"https:\/\/conectid.com.br\/gralha-azul-site\/#\/schema\/logo\/image\/"},"sameAs":["https:\/\/www.facebook.com\/gralhaazulportas","https:\/\/www.instagram.com\/gralhaazulportas\/"]}]}},"_links":{"self":[{"href":"https:\/\/conectid.com.br\/gralha-azul-site\/wp-json\/wp\/v2\/product\/3199","targetHints":{"allow":["GET"]}}],"collection":[{"href":"https:\/\/conectid.com.br\/gralha-azul-site\/wp-json\/wp\/v2\/product"}],"about":[{"href":"https:\/\/conectid.com.br\/gralha-azul-site\/wp-json\/wp\/v2\/types\/product"}],"replies":[{"embeddable":true,"href":"https:\/\/conectid.com.br\/gralha-azul-site\/wp-json\/wp\/v2\/comments?post=3199"}],"wp:featuredmedia":[{"embeddable":true,"href":"https:\/\/conectid.com.br\/gralha-azul-site\/wp-json\/"}],"wp:attachment":[{"href":"https:\/\/conectid.com.br\/gralha-azul-site\/wp-json\/wp\/v2\/media?parent=3199"}],"wp:term":[{"taxonomy":"product_brand","embeddable":true,"href":"https:\/\/conectid.com.br\/gralha-azul-site\/wp-json\/wp\/v2\/product_brand?post=3199"},{"taxonomy":"product_cat","embeddable":true,"href":"https:\/\/conectid.com.br\/gralha-azul-site\/wp-json\/wp\/v2\/product_cat?post=3199"},{"taxonomy":"product_tag","embeddable":true,"href":"https:\/\/conectid.com.br\/gralha-azul-site\/wp-json\/wp\/v2\/product_tag?post=3199"}],"curies":[{"name":"wp","href":"https:\/\/api.w.org\/{rel}","templated":true}]}}