{"id":2192,"date":"2022-03-16T18:11:51","date_gmt":"2022-03-16T18:11:51","guid":{"rendered":"https:\/\/gralhaazulportas1.hospedagemdesites.ws\/?post_type=product&#038;p=2192"},"modified":"2023-12-06T17:46:18","modified_gmt":"2023-12-06T20:46:18","slug":"porta-interna-randa-diamond-lisa-melaminico-final-em-curitiba","status":"publish","type":"product","link":"https:\/\/conectid.com.br\/gralha-azul-site\/produto\/porta-interna-randa-diamond-lisa-melaminico-final-em-curitiba\/","title":{"rendered":"Porta Interna Randa Diamond Lisa Melam\u00ednico Final"},"content":{"rendered":"<p>*\u00a0Imagens\u00a0ilustrativas. Confira mais informa\u00e7\u00f5es abaixo:<\/p>\n<p><strong>Porta Randa Diamond Lisa Melam\u00ednico Final<\/strong><strong>\u00a0<\/strong><\/p>\n<p><strong>Preenchimento:\u00a0<\/strong>Semi-S\u00f3lido\u00a0<em>(Sarrafeado em madeira)<\/em><strong><em>\u00a0<\/em><\/strong><\/p>\n<p><strong>Uso:<\/strong> Interno<\/p>\n<p><strong>Altura\u00a0dispon\u00edvel:<\/strong> 2,10 m<\/p>\n<p><strong>Larguras Dispon\u00edveis:<\/strong> 60 cm \/ 70 cm \/ 80 cm \/ 90 cm\u00a0\/ 1,00 m<\/p>\n<p><strong>Espessura:<\/strong> 3,5\u00a0cm<\/p>\n<p><strong>Preenchimento interno e montante<\/strong>: Pinus<\/p>\n<p><strong>Contra-Capa:<\/strong> HDF 3 mm<\/p>\n<p><strong>Modelo:<\/strong> Lisa<\/p>\n<p><strong>Acabamento:<\/strong> Melam\u00ednico\u00a0 (N\u00e3o precisa pintar)<\/p>\n<p>&nbsp;<\/p>\n<p>Caixilhos, Vistas e Ferragens: N\u00e3o inclusos.<\/p>\n<p>Montagem: N\u00e3o incluso.<\/p>\n<p>Instala\u00e7\u00e3o no local: N\u00e3o incluso.<\/p>\n<p>Embalagem: Pl\u00e1stica e cantoneiras de Papel\u00e3o<\/p>\n<p>Garantia: 01 ano<\/p>\n<p>&nbsp;<\/p>\n<p><u>Para instala\u00e7\u00e3o \u00e9 necess\u00e1rio que o v\u00e3o tenha as seguintes medidas (considerando o v\u00e3o requadrado e piso\/soleira instalados)<\/u><\/p>\n<p>Altura: 5\u00a0cm a mais que a altura da porta<\/p>\n<p>Largura: 8\u00a0cm a mais que a largura da porta<\/p>\n<p>&nbsp;<\/p>\n<p><strong>&#8211; Para a instala\u00e7\u00e3o, contrate profissionais especializados.<\/strong><\/p>\n<p><strong>&#8211; Produto sujeito a indisponibilidade de entrega. N\u00e3o reservamos or\u00e7amentos.\u00a0\u00a0<\/strong><\/p>\n<p><strong>&#8211; Nos reservamos o direito de alterar os produtos, estoques e pre\u00e7os sem aviso pr\u00e9vio.<\/strong><\/p>\n","protected":false},"excerpt":{"rendered":"<p>Porta interna em madeira, fino acabamento em melam\u00ednico Branco.<\/p>\n<p>As portas Randa trazem comodidade e beleza para o cliente, n\u00e3o necessitam de pintura ap\u00f3s a instala\u00e7\u00e3o.<\/p>\n<p>Garantia de qualidade.<\/p>\n<p>Produto a pronta entrega.<\/p>\n","protected":false},"featured_media":2240,"comment_status":"closed","ping_status":"closed","template":"","meta":[],"product_brand":[],"product_cat":[283],"product_tag":[],"class_list":{"0":"post-2192","1":"product","2":"type-product","3":"status-publish","4":"has-post-thumbnail","6":"product_cat-portas-internas-em-curitiba","8":"first","9":"instock","10":"sold-individually","11":"shipping-taxable","12":"product-type-simple"},"yoast_head":"<!-- This site is optimized with the Yoast SEO plugin v26.9 - https:\/\/yoast.com\/product\/yoast-seo-wordpress\/ -->\n<title>Porta Interna Randa Diamond Lisa Melam\u00ednico Final em Curitiba<\/title>\n<meta name=\"description\" content=\"Procurando por Porta Interna Randa Diamond Lisa Melam\u00ednico Final em Curitiba? Encontre os Melhores Produtos do Mercado aqui na Gralha Azul!\" \/>\n<meta name=\"robots\" content=\"index, follow, max-snippet:-1, max-image-preview:large, max-video-preview:-1\" \/>\n<link rel=\"canonical\" href=\"https:\/\/conectid.com.br\/gralha-azul-site\/produto\/porta-interna-randa-diamond-lisa-melaminico-final-em-curitiba\/\" \/>\n<meta property=\"og:locale\" content=\"pt_BR\" \/>\n<meta property=\"og:type\" content=\"article\" \/>\n<meta property=\"og:title\" content=\"Porta Interna Randa Diamond Lisa Melam\u00ednico Final em Curitiba\" \/>\n<meta property=\"og:description\" content=\"Procurando por Porta Interna Randa Diamond Lisa Melam\u00ednico Final em Curitiba? Encontre os Melhores Produtos do Mercado aqui na Gralha Azul!\" \/>\n<meta property=\"og:url\" content=\"https:\/\/conectid.com.br\/gralha-azul-site\/produto\/porta-interna-randa-diamond-lisa-melaminico-final-em-curitiba\/\" \/>\n<meta property=\"og:site_name\" content=\"Portas de Madeira em Curitiba - Gralha Azul\" \/>\n<meta property=\"article:publisher\" content=\"https:\/\/www.facebook.com\/gralhaazulportas\" \/>\n<meta property=\"article:modified_time\" content=\"2023-12-06T20:46:18+00:00\" \/>\n<meta name=\"twitter:card\" content=\"summary_large_image\" \/>\n<meta name=\"twitter:label1\" content=\"Est. tempo de leitura\" \/>\n\t<meta name=\"twitter:data1\" content=\"1 minuto\" \/>\n<script type=\"application\/ld+json\" class=\"yoast-schema-graph\">{\"@context\":\"https:\/\/schema.org\",\"@graph\":[{\"@type\":\"WebPage\",\"@id\":\"https:\/\/conectid.com.br\/gralha-azul-site\/produto\/porta-interna-randa-diamond-lisa-melaminico-final-em-curitiba\/\",\"url\":\"https:\/\/conectid.com.br\/gralha-azul-site\/produto\/porta-interna-randa-diamond-lisa-melaminico-final-em-curitiba\/\",\"name\":\"Porta Interna Randa Diamond Lisa Melam\u00ednico Final em Curitiba\",\"isPartOf\":{\"@id\":\"https:\/\/conectid.com.br\/gralha-azul-site\/#website\"},\"primaryImageOfPage\":{\"@id\":\"https:\/\/conectid.com.br\/gralha-azul-site\/produto\/porta-interna-randa-diamond-lisa-melaminico-final-em-curitiba\/#primaryimage\"},\"image\":{\"@id\":\"https:\/\/conectid.com.br\/gralha-azul-site\/produto\/porta-interna-randa-diamond-lisa-melaminico-final-em-curitiba\/#primaryimage\"},\"thumbnailUrl\":\"\",\"datePublished\":\"2022-03-16T18:11:51+00:00\",\"dateModified\":\"2023-12-06T20:46:18+00:00\",\"description\":\"Procurando por Porta Interna Randa Diamond Lisa Melam\u00ednico Final em Curitiba? Encontre os Melhores Produtos do Mercado aqui na Gralha Azul!\",\"breadcrumb\":{\"@id\":\"https:\/\/conectid.com.br\/gralha-azul-site\/produto\/porta-interna-randa-diamond-lisa-melaminico-final-em-curitiba\/#breadcrumb\"},\"inLanguage\":\"pt-BR\",\"potentialAction\":[{\"@type\":\"ReadAction\",\"target\":[\"https:\/\/conectid.com.br\/gralha-azul-site\/produto\/porta-interna-randa-diamond-lisa-melaminico-final-em-curitiba\/\"]}]},{\"@type\":\"ImageObject\",\"inLanguage\":\"pt-BR\",\"@id\":\"https:\/\/conectid.com.br\/gralha-azul-site\/produto\/porta-interna-randa-diamond-lisa-melaminico-final-em-curitiba\/#primaryimage\",\"url\":\"\",\"contentUrl\":\"\"},{\"@type\":\"BreadcrumbList\",\"@id\":\"https:\/\/conectid.com.br\/gralha-azul-site\/produto\/porta-interna-randa-diamond-lisa-melaminico-final-em-curitiba\/#breadcrumb\",\"itemListElement\":[{\"@type\":\"ListItem\",\"position\":1,\"name\":\"In\u00edcio\",\"item\":\"https:\/\/conectid.com.br\/gralha-azul-site\/\"},{\"@type\":\"ListItem\",\"position\":2,\"name\":\"Produtos\",\"item\":\"https:\/\/conectid.com.br\/gralha-azul-site\/produtos\/\"},{\"@type\":\"ListItem\",\"position\":3,\"name\":\"Porta Interna Randa Diamond Lisa Melam\u00ednico Final\"}]},{\"@type\":\"WebSite\",\"@id\":\"https:\/\/conectid.com.br\/gralha-azul-site\/#website\",\"url\":\"https:\/\/conectid.com.br\/gralha-azul-site\/\",\"name\":\"Portas de Madeira em Curitiba - Gralha Azul\",\"description\":\"\",\"publisher\":{\"@id\":\"https:\/\/conectid.com.br\/gralha-azul-site\/#organization\"},\"potentialAction\":[{\"@type\":\"SearchAction\",\"target\":{\"@type\":\"EntryPoint\",\"urlTemplate\":\"https:\/\/conectid.com.br\/gralha-azul-site\/?s={search_term_string}\"},\"query-input\":{\"@type\":\"PropertyValueSpecification\",\"valueRequired\":true,\"valueName\":\"search_term_string\"}}],\"inLanguage\":\"pt-BR\"},{\"@type\":\"Organization\",\"@id\":\"https:\/\/conectid.com.br\/gralha-azul-site\/#organization\",\"name\":\"Portas de Madeira em Curitiba - Gralha Azul\",\"url\":\"https:\/\/conectid.com.br\/gralha-azul-site\/\",\"logo\":{\"@type\":\"ImageObject\",\"inLanguage\":\"pt-BR\",\"@id\":\"https:\/\/conectid.com.br\/gralha-azul-site\/#\/schema\/logo\/image\/\",\"url\":\"https:\/\/conectid.com.br\/gralha-azul-site\/wp-content\/uploads\/2021\/02\/gralha-azul-portas-e-madeiras.jpg\",\"contentUrl\":\"https:\/\/conectid.com.br\/gralha-azul-site\/wp-content\/uploads\/2021\/02\/gralha-azul-portas-e-madeiras.jpg\",\"width\":800,\"height\":800,\"caption\":\"Portas de Madeira em Curitiba - Gralha Azul\"},\"image\":{\"@id\":\"https:\/\/conectid.com.br\/gralha-azul-site\/#\/schema\/logo\/image\/\"},\"sameAs\":[\"https:\/\/www.facebook.com\/gralhaazulportas\",\"https:\/\/www.instagram.com\/gralhaazulportas\/\"]}]}<\/script>\n<!-- \/ Yoast SEO plugin. -->","yoast_head_json":{"title":"Porta Interna Randa Diamond Lisa Melam\u00ednico Final em Curitiba","description":"Procurando por Porta Interna Randa Diamond Lisa Melam\u00ednico Final em Curitiba? Encontre os Melhores Produtos do Mercado aqui na Gralha Azul!","robots":{"index":"index","follow":"follow","max-snippet":"max-snippet:-1","max-image-preview":"max-image-preview:large","max-video-preview":"max-video-preview:-1"},"canonical":"https:\/\/conectid.com.br\/gralha-azul-site\/produto\/porta-interna-randa-diamond-lisa-melaminico-final-em-curitiba\/","og_locale":"pt_BR","og_type":"article","og_title":"Porta Interna Randa Diamond Lisa Melam\u00ednico Final em Curitiba","og_description":"Procurando por Porta Interna Randa Diamond Lisa Melam\u00ednico Final em Curitiba? Encontre os Melhores Produtos do Mercado aqui na Gralha Azul!","og_url":"https:\/\/conectid.com.br\/gralha-azul-site\/produto\/porta-interna-randa-diamond-lisa-melaminico-final-em-curitiba\/","og_site_name":"Portas de Madeira em Curitiba - Gralha Azul","article_publisher":"https:\/\/www.facebook.com\/gralhaazulportas","article_modified_time":"2023-12-06T20:46:18+00:00","twitter_card":"summary_large_image","twitter_misc":{"Est. tempo de leitura":"1 minuto"},"schema":{"@context":"https:\/\/schema.org","@graph":[{"@type":"WebPage","@id":"https:\/\/conectid.com.br\/gralha-azul-site\/produto\/porta-interna-randa-diamond-lisa-melaminico-final-em-curitiba\/","url":"https:\/\/conectid.com.br\/gralha-azul-site\/produto\/porta-interna-randa-diamond-lisa-melaminico-final-em-curitiba\/","name":"Porta Interna Randa Diamond Lisa Melam\u00ednico Final em Curitiba","isPartOf":{"@id":"https:\/\/conectid.com.br\/gralha-azul-site\/#website"},"primaryImageOfPage":{"@id":"https:\/\/conectid.com.br\/gralha-azul-site\/produto\/porta-interna-randa-diamond-lisa-melaminico-final-em-curitiba\/#primaryimage"},"image":{"@id":"https:\/\/conectid.com.br\/gralha-azul-site\/produto\/porta-interna-randa-diamond-lisa-melaminico-final-em-curitiba\/#primaryimage"},"thumbnailUrl":"","datePublished":"2022-03-16T18:11:51+00:00","dateModified":"2023-12-06T20:46:18+00:00","description":"Procurando por Porta Interna Randa Diamond Lisa Melam\u00ednico Final em Curitiba? Encontre os Melhores Produtos do Mercado aqui na Gralha Azul!","breadcrumb":{"@id":"https:\/\/conectid.com.br\/gralha-azul-site\/produto\/porta-interna-randa-diamond-lisa-melaminico-final-em-curitiba\/#breadcrumb"},"inLanguage":"pt-BR","potentialAction":[{"@type":"ReadAction","target":["https:\/\/conectid.com.br\/gralha-azul-site\/produto\/porta-interna-randa-diamond-lisa-melaminico-final-em-curitiba\/"]}]},{"@type":"ImageObject","inLanguage":"pt-BR","@id":"https:\/\/conectid.com.br\/gralha-azul-site\/produto\/porta-interna-randa-diamond-lisa-melaminico-final-em-curitiba\/#primaryimage","url":"","contentUrl":""},{"@type":"BreadcrumbList","@id":"https:\/\/conectid.com.br\/gralha-azul-site\/produto\/porta-interna-randa-diamond-lisa-melaminico-final-em-curitiba\/#breadcrumb","itemListElement":[{"@type":"ListItem","position":1,"name":"In\u00edcio","item":"https:\/\/conectid.com.br\/gralha-azul-site\/"},{"@type":"ListItem","position":2,"name":"Produtos","item":"https:\/\/conectid.com.br\/gralha-azul-site\/produtos\/"},{"@type":"ListItem","position":3,"name":"Porta Interna Randa Diamond Lisa Melam\u00ednico Final"}]},{"@type":"WebSite","@id":"https:\/\/conectid.com.br\/gralha-azul-site\/#website","url":"https:\/\/conectid.com.br\/gralha-azul-site\/","name":"Portas de Madeira em Curitiba - Gralha Azul","description":"","publisher":{"@id":"https:\/\/conectid.com.br\/gralha-azul-site\/#organization"},"potentialAction":[{"@type":"SearchAction","target":{"@type":"EntryPoint","urlTemplate":"https:\/\/conectid.com.br\/gralha-azul-site\/?s={search_term_string}"},"query-input":{"@type":"PropertyValueSpecification","valueRequired":true,"valueName":"search_term_string"}}],"inLanguage":"pt-BR"},{"@type":"Organization","@id":"https:\/\/conectid.com.br\/gralha-azul-site\/#organization","name":"Portas de Madeira em Curitiba - Gralha Azul","url":"https:\/\/conectid.com.br\/gralha-azul-site\/","logo":{"@type":"ImageObject","inLanguage":"pt-BR","@id":"https:\/\/conectid.com.br\/gralha-azul-site\/#\/schema\/logo\/image\/","url":"https:\/\/conectid.com.br\/gralha-azul-site\/wp-content\/uploads\/2021\/02\/gralha-azul-portas-e-madeiras.jpg","contentUrl":"https:\/\/conectid.com.br\/gralha-azul-site\/wp-content\/uploads\/2021\/02\/gralha-azul-portas-e-madeiras.jpg","width":800,"height":800,"caption":"Portas de Madeira em Curitiba - Gralha Azul"},"image":{"@id":"https:\/\/conectid.com.br\/gralha-azul-site\/#\/schema\/logo\/image\/"},"sameAs":["https:\/\/www.facebook.com\/gralhaazulportas","https:\/\/www.instagram.com\/gralhaazulportas\/"]}]}},"_links":{"self":[{"href":"https:\/\/conectid.com.br\/gralha-azul-site\/wp-json\/wp\/v2\/product\/2192","targetHints":{"allow":["GET"]}}],"collection":[{"href":"https:\/\/conectid.com.br\/gralha-azul-site\/wp-json\/wp\/v2\/product"}],"about":[{"href":"https:\/\/conectid.com.br\/gralha-azul-site\/wp-json\/wp\/v2\/types\/product"}],"replies":[{"embeddable":true,"href":"https:\/\/conectid.com.br\/gralha-azul-site\/wp-json\/wp\/v2\/comments?post=2192"}],"wp:featuredmedia":[{"embeddable":true,"href":"https:\/\/conectid.com.br\/gralha-azul-site\/wp-json\/"}],"wp:attachment":[{"href":"https:\/\/conectid.com.br\/gralha-azul-site\/wp-json\/wp\/v2\/media?parent=2192"}],"wp:term":[{"taxonomy":"product_brand","embeddable":true,"href":"https:\/\/conectid.com.br\/gralha-azul-site\/wp-json\/wp\/v2\/product_brand?post=2192"},{"taxonomy":"product_cat","embeddable":true,"href":"https:\/\/conectid.com.br\/gralha-azul-site\/wp-json\/wp\/v2\/product_cat?post=2192"},{"taxonomy":"product_tag","embeddable":true,"href":"https:\/\/conectid.com.br\/gralha-azul-site\/wp-json\/wp\/v2\/product_tag?post=2192"}],"curies":[{"name":"wp","href":"https:\/\/api.w.org\/{rel}","templated":true}]}}