{"id":2141,"date":"2022-03-16T18:10:07","date_gmt":"2022-03-16T18:10:07","guid":{"rendered":"https:\/\/gralhaazulportas1.hospedagemdesites.ws\/?post_type=product&#038;p=2141"},"modified":"2023-12-06T17:15:40","modified_gmt":"2023-12-06T20:15:40","slug":"porta-acm-preta-com-painel-fixo-em-curitiba","status":"publish","type":"product","link":"https:\/\/conectid.com.br\/gralha-azul-site\/produto\/porta-acm-preta-com-painel-fixo-em-curitiba\/","title":{"rendered":"Porta ACM Preta com Painel Fixo"},"content":{"rendered":"<p>Temos uma equipe especializada que conta com as mais modernas m\u00e1quinas para usinagem e montagem dos mais variados tipos de portas, tornando o processo de instala\u00e7\u00e3o mais \u00e1gil. Al\u00e9m disso, trabalhamos com produtos de qualidade, buscando sempre a facilidade e a satisfa\u00e7\u00e3o dos nossos clientes.<br \/>\nPortas com tamanhos especiais sob-medida para o seu projeto.<\/p>\n","protected":false},"excerpt":{"rendered":"<p>Porta externa em ACM, interna em Alum\u00ednio e com 15 anos de garantia no ACM Kynar.<\/p>\n<div>Segue todo um crit\u00e9rios de fabrica\u00e7\u00e3o, garantindo assim a qualidade do produto.<\/div>\n<div>Indicada para uso externo, pode ser escolhida a cor para o seu projeto.<\/div>\n<div><\/div>\n<div>O\u00a0<b>ACM<\/b>\u00a0(Material de Alum\u00edno Composto) \u00e9 um revestimento em alum\u00ednio pintado ou anodizado, composto por duas chapas de alum\u00ednio com um n\u00facleo termopl\u00e1stico de polietileno de baixa densidade, usando um processo de colagem sofisticado que envolve adesivos qu\u00edmicos a temperaturas elevadas.<\/div>\n","protected":false},"featured_media":2209,"comment_status":"closed","ping_status":"closed","template":"","meta":[],"product_brand":[],"product_cat":[284,281],"product_tag":[],"class_list":{"0":"post-2141","1":"product","2":"type-product","3":"status-publish","4":"has-post-thumbnail","6":"product_cat-portas-em-acm-em-curitiba","7":"product_cat-portas-externas-em-curitiba","9":"first","10":"instock","11":"sold-individually","12":"shipping-taxable","13":"product-type-simple"},"yoast_head":"<!-- This site is optimized with the Yoast SEO plugin v26.9 - https:\/\/yoast.com\/product\/yoast-seo-wordpress\/ -->\n<title>Porta ACM Preta com Painel Fixo em Curitiba | Gralha Azul<\/title>\n<meta name=\"description\" content=\"Procurando por Porta ACM Preta com Painel Fixo em Curitiba? Encontre os Melhores Produtos do Mercado aqui na Gralha Azul!\" \/>\n<meta name=\"robots\" content=\"index, follow, max-snippet:-1, max-image-preview:large, max-video-preview:-1\" \/>\n<link rel=\"canonical\" href=\"https:\/\/conectid.com.br\/gralha-azul-site\/produto\/porta-acm-preta-com-painel-fixo-em-curitiba\/\" \/>\n<meta property=\"og:locale\" content=\"pt_BR\" \/>\n<meta property=\"og:type\" content=\"article\" \/>\n<meta property=\"og:title\" content=\"Porta ACM Preta com Painel Fixo em Curitiba | Gralha Azul\" \/>\n<meta property=\"og:description\" content=\"Procurando por Porta ACM Preta com Painel Fixo em Curitiba? Encontre os Melhores Produtos do Mercado aqui na Gralha Azul!\" \/>\n<meta property=\"og:url\" content=\"https:\/\/conectid.com.br\/gralha-azul-site\/produto\/porta-acm-preta-com-painel-fixo-em-curitiba\/\" \/>\n<meta property=\"og:site_name\" content=\"Portas de Madeira em Curitiba - Gralha Azul\" \/>\n<meta property=\"article:publisher\" content=\"https:\/\/www.facebook.com\/gralhaazulportas\" \/>\n<meta property=\"article:modified_time\" content=\"2023-12-06T20:15:40+00:00\" \/>\n<meta name=\"twitter:card\" content=\"summary_large_image\" \/>\n<script type=\"application\/ld+json\" class=\"yoast-schema-graph\">{\"@context\":\"https:\/\/schema.org\",\"@graph\":[{\"@type\":\"WebPage\",\"@id\":\"https:\/\/conectid.com.br\/gralha-azul-site\/produto\/porta-acm-preta-com-painel-fixo-em-curitiba\/\",\"url\":\"https:\/\/conectid.com.br\/gralha-azul-site\/produto\/porta-acm-preta-com-painel-fixo-em-curitiba\/\",\"name\":\"Porta ACM Preta com Painel Fixo em Curitiba | Gralha Azul\",\"isPartOf\":{\"@id\":\"https:\/\/conectid.com.br\/gralha-azul-site\/#website\"},\"primaryImageOfPage\":{\"@id\":\"https:\/\/conectid.com.br\/gralha-azul-site\/produto\/porta-acm-preta-com-painel-fixo-em-curitiba\/#primaryimage\"},\"image\":{\"@id\":\"https:\/\/conectid.com.br\/gralha-azul-site\/produto\/porta-acm-preta-com-painel-fixo-em-curitiba\/#primaryimage\"},\"thumbnailUrl\":\"\",\"datePublished\":\"2022-03-16T18:10:07+00:00\",\"dateModified\":\"2023-12-06T20:15:40+00:00\",\"description\":\"Procurando por Porta ACM Preta com Painel Fixo em Curitiba? Encontre os Melhores Produtos do Mercado aqui na Gralha Azul!\",\"breadcrumb\":{\"@id\":\"https:\/\/conectid.com.br\/gralha-azul-site\/produto\/porta-acm-preta-com-painel-fixo-em-curitiba\/#breadcrumb\"},\"inLanguage\":\"pt-BR\",\"potentialAction\":[{\"@type\":\"ReadAction\",\"target\":[\"https:\/\/conectid.com.br\/gralha-azul-site\/produto\/porta-acm-preta-com-painel-fixo-em-curitiba\/\"]}]},{\"@type\":\"ImageObject\",\"inLanguage\":\"pt-BR\",\"@id\":\"https:\/\/conectid.com.br\/gralha-azul-site\/produto\/porta-acm-preta-com-painel-fixo-em-curitiba\/#primaryimage\",\"url\":\"\",\"contentUrl\":\"\"},{\"@type\":\"BreadcrumbList\",\"@id\":\"https:\/\/conectid.com.br\/gralha-azul-site\/produto\/porta-acm-preta-com-painel-fixo-em-curitiba\/#breadcrumb\",\"itemListElement\":[{\"@type\":\"ListItem\",\"position\":1,\"name\":\"In\u00edcio\",\"item\":\"https:\/\/conectid.com.br\/gralha-azul-site\/\"},{\"@type\":\"ListItem\",\"position\":2,\"name\":\"Produtos\",\"item\":\"https:\/\/conectid.com.br\/gralha-azul-site\/produtos\/\"},{\"@type\":\"ListItem\",\"position\":3,\"name\":\"Porta ACM Preta com Painel Fixo\"}]},{\"@type\":\"WebSite\",\"@id\":\"https:\/\/conectid.com.br\/gralha-azul-site\/#website\",\"url\":\"https:\/\/conectid.com.br\/gralha-azul-site\/\",\"name\":\"Portas de Madeira em Curitiba - Gralha Azul\",\"description\":\"\",\"publisher\":{\"@id\":\"https:\/\/conectid.com.br\/gralha-azul-site\/#organization\"},\"potentialAction\":[{\"@type\":\"SearchAction\",\"target\":{\"@type\":\"EntryPoint\",\"urlTemplate\":\"https:\/\/conectid.com.br\/gralha-azul-site\/?s={search_term_string}\"},\"query-input\":{\"@type\":\"PropertyValueSpecification\",\"valueRequired\":true,\"valueName\":\"search_term_string\"}}],\"inLanguage\":\"pt-BR\"},{\"@type\":\"Organization\",\"@id\":\"https:\/\/conectid.com.br\/gralha-azul-site\/#organization\",\"name\":\"Portas de Madeira em Curitiba - Gralha Azul\",\"url\":\"https:\/\/conectid.com.br\/gralha-azul-site\/\",\"logo\":{\"@type\":\"ImageObject\",\"inLanguage\":\"pt-BR\",\"@id\":\"https:\/\/conectid.com.br\/gralha-azul-site\/#\/schema\/logo\/image\/\",\"url\":\"https:\/\/conectid.com.br\/gralha-azul-site\/wp-content\/uploads\/2021\/02\/gralha-azul-portas-e-madeiras.jpg\",\"contentUrl\":\"https:\/\/conectid.com.br\/gralha-azul-site\/wp-content\/uploads\/2021\/02\/gralha-azul-portas-e-madeiras.jpg\",\"width\":800,\"height\":800,\"caption\":\"Portas de Madeira em Curitiba - Gralha Azul\"},\"image\":{\"@id\":\"https:\/\/conectid.com.br\/gralha-azul-site\/#\/schema\/logo\/image\/\"},\"sameAs\":[\"https:\/\/www.facebook.com\/gralhaazulportas\",\"https:\/\/www.instagram.com\/gralhaazulportas\/\"]}]}<\/script>\n<!-- \/ Yoast SEO plugin. -->","yoast_head_json":{"title":"Porta ACM Preta com Painel Fixo em Curitiba | Gralha Azul","description":"Procurando por Porta ACM Preta com Painel Fixo em Curitiba? Encontre os Melhores Produtos do Mercado aqui na Gralha Azul!","robots":{"index":"index","follow":"follow","max-snippet":"max-snippet:-1","max-image-preview":"max-image-preview:large","max-video-preview":"max-video-preview:-1"},"canonical":"https:\/\/conectid.com.br\/gralha-azul-site\/produto\/porta-acm-preta-com-painel-fixo-em-curitiba\/","og_locale":"pt_BR","og_type":"article","og_title":"Porta ACM Preta com Painel Fixo em Curitiba | Gralha Azul","og_description":"Procurando por Porta ACM Preta com Painel Fixo em Curitiba? Encontre os Melhores Produtos do Mercado aqui na Gralha Azul!","og_url":"https:\/\/conectid.com.br\/gralha-azul-site\/produto\/porta-acm-preta-com-painel-fixo-em-curitiba\/","og_site_name":"Portas de Madeira em Curitiba - Gralha Azul","article_publisher":"https:\/\/www.facebook.com\/gralhaazulportas","article_modified_time":"2023-12-06T20:15:40+00:00","twitter_card":"summary_large_image","schema":{"@context":"https:\/\/schema.org","@graph":[{"@type":"WebPage","@id":"https:\/\/conectid.com.br\/gralha-azul-site\/produto\/porta-acm-preta-com-painel-fixo-em-curitiba\/","url":"https:\/\/conectid.com.br\/gralha-azul-site\/produto\/porta-acm-preta-com-painel-fixo-em-curitiba\/","name":"Porta ACM Preta com Painel Fixo em Curitiba | Gralha Azul","isPartOf":{"@id":"https:\/\/conectid.com.br\/gralha-azul-site\/#website"},"primaryImageOfPage":{"@id":"https:\/\/conectid.com.br\/gralha-azul-site\/produto\/porta-acm-preta-com-painel-fixo-em-curitiba\/#primaryimage"},"image":{"@id":"https:\/\/conectid.com.br\/gralha-azul-site\/produto\/porta-acm-preta-com-painel-fixo-em-curitiba\/#primaryimage"},"thumbnailUrl":"","datePublished":"2022-03-16T18:10:07+00:00","dateModified":"2023-12-06T20:15:40+00:00","description":"Procurando por Porta ACM Preta com Painel Fixo em Curitiba? Encontre os Melhores Produtos do Mercado aqui na Gralha Azul!","breadcrumb":{"@id":"https:\/\/conectid.com.br\/gralha-azul-site\/produto\/porta-acm-preta-com-painel-fixo-em-curitiba\/#breadcrumb"},"inLanguage":"pt-BR","potentialAction":[{"@type":"ReadAction","target":["https:\/\/conectid.com.br\/gralha-azul-site\/produto\/porta-acm-preta-com-painel-fixo-em-curitiba\/"]}]},{"@type":"ImageObject","inLanguage":"pt-BR","@id":"https:\/\/conectid.com.br\/gralha-azul-site\/produto\/porta-acm-preta-com-painel-fixo-em-curitiba\/#primaryimage","url":"","contentUrl":""},{"@type":"BreadcrumbList","@id":"https:\/\/conectid.com.br\/gralha-azul-site\/produto\/porta-acm-preta-com-painel-fixo-em-curitiba\/#breadcrumb","itemListElement":[{"@type":"ListItem","position":1,"name":"In\u00edcio","item":"https:\/\/conectid.com.br\/gralha-azul-site\/"},{"@type":"ListItem","position":2,"name":"Produtos","item":"https:\/\/conectid.com.br\/gralha-azul-site\/produtos\/"},{"@type":"ListItem","position":3,"name":"Porta ACM Preta com Painel Fixo"}]},{"@type":"WebSite","@id":"https:\/\/conectid.com.br\/gralha-azul-site\/#website","url":"https:\/\/conectid.com.br\/gralha-azul-site\/","name":"Portas de Madeira em Curitiba - Gralha Azul","description":"","publisher":{"@id":"https:\/\/conectid.com.br\/gralha-azul-site\/#organization"},"potentialAction":[{"@type":"SearchAction","target":{"@type":"EntryPoint","urlTemplate":"https:\/\/conectid.com.br\/gralha-azul-site\/?s={search_term_string}"},"query-input":{"@type":"PropertyValueSpecification","valueRequired":true,"valueName":"search_term_string"}}],"inLanguage":"pt-BR"},{"@type":"Organization","@id":"https:\/\/conectid.com.br\/gralha-azul-site\/#organization","name":"Portas de Madeira em Curitiba - Gralha Azul","url":"https:\/\/conectid.com.br\/gralha-azul-site\/","logo":{"@type":"ImageObject","inLanguage":"pt-BR","@id":"https:\/\/conectid.com.br\/gralha-azul-site\/#\/schema\/logo\/image\/","url":"https:\/\/conectid.com.br\/gralha-azul-site\/wp-content\/uploads\/2021\/02\/gralha-azul-portas-e-madeiras.jpg","contentUrl":"https:\/\/conectid.com.br\/gralha-azul-site\/wp-content\/uploads\/2021\/02\/gralha-azul-portas-e-madeiras.jpg","width":800,"height":800,"caption":"Portas de Madeira em Curitiba - Gralha Azul"},"image":{"@id":"https:\/\/conectid.com.br\/gralha-azul-site\/#\/schema\/logo\/image\/"},"sameAs":["https:\/\/www.facebook.com\/gralhaazulportas","https:\/\/www.instagram.com\/gralhaazulportas\/"]}]}},"_links":{"self":[{"href":"https:\/\/conectid.com.br\/gralha-azul-site\/wp-json\/wp\/v2\/product\/2141","targetHints":{"allow":["GET"]}}],"collection":[{"href":"https:\/\/conectid.com.br\/gralha-azul-site\/wp-json\/wp\/v2\/product"}],"about":[{"href":"https:\/\/conectid.com.br\/gralha-azul-site\/wp-json\/wp\/v2\/types\/product"}],"replies":[{"embeddable":true,"href":"https:\/\/conectid.com.br\/gralha-azul-site\/wp-json\/wp\/v2\/comments?post=2141"}],"wp:featuredmedia":[{"embeddable":true,"href":"https:\/\/conectid.com.br\/gralha-azul-site\/wp-json\/"}],"wp:attachment":[{"href":"https:\/\/conectid.com.br\/gralha-azul-site\/wp-json\/wp\/v2\/media?parent=2141"}],"wp:term":[{"taxonomy":"product_brand","embeddable":true,"href":"https:\/\/conectid.com.br\/gralha-azul-site\/wp-json\/wp\/v2\/product_brand?post=2141"},{"taxonomy":"product_cat","embeddable":true,"href":"https:\/\/conectid.com.br\/gralha-azul-site\/wp-json\/wp\/v2\/product_cat?post=2141"},{"taxonomy":"product_tag","embeddable":true,"href":"https:\/\/conectid.com.br\/gralha-azul-site\/wp-json\/wp\/v2\/product_tag?post=2141"}],"curies":[{"name":"wp","href":"https:\/\/api.w.org\/{rel}","templated":true}]}}