{"id":1828,"date":"2022-03-16T18:03:30","date_gmt":"2022-03-16T18:03:30","guid":{"rendered":"https:\/\/gralhaazulportas1.hospedagemdesites.ws\/?post_type=product&#038;p=1828"},"modified":"2023-12-06T14:40:48","modified_gmt":"2023-12-06T17:40:48","slug":"porta-correr-jequitiba-com-caixilho","status":"publish","type":"product","link":"https:\/\/conectid.com.br\/gralha-azul-site\/produto\/porta-correr-jequitiba-com-caixilho\/","title":{"rendered":"Porta Correr Jequitib\u00e1 com Caixilho"},"content":{"rendered":"<p>Porta interna Jequitib\u00e1 lisa, acompanha caixilho de madeira.<br \/>\nComponentes do Kit Porta Correr com caixilho de madeira:<br \/>\n1\u00a0Caixilho de Madeira<br \/>\n1 Par de Roldanas com Nucleo de Nylon<br \/>\n2 Batedores para fixa\u00e7\u00e3o no piso<br \/>\n2 Limitadores fixa\u00e7\u00e3o no trilho<br \/>\n1 Pino Guia<\/p>\n<p>Fazemos a montagem da porta de correr e entregamos pronta para a instala\u00e7\u00e3o na sua casa.<\/p>\n","protected":false},"excerpt":{"rendered":"<p>Porta interna Jequitib\u00e1 lisa, acompanha caixilho de madeira.<br \/>\nComponentes do Kit Porta Correr com caixilho de madeira:<br \/>\n1\u00a0Caixilho de Madeira<br \/>\n1 Par de Roldanas com Nucleo de Nylon<br \/>\n2 Batedores para fixa\u00e7\u00e3o no piso<br \/>\n2 Limitadores fixa\u00e7\u00e3o no trilho<br \/>\n1 Pino Guia<\/p>\n","protected":false},"featured_media":1884,"comment_status":"closed","ping_status":"closed","template":"","meta":[],"product_brand":[],"product_cat":[283],"product_tag":[],"class_list":{"0":"post-1828","1":"product","2":"type-product","3":"status-publish","4":"has-post-thumbnail","6":"product_cat-portas-internas-em-curitiba","8":"first","9":"instock","10":"sold-individually","11":"shipping-taxable","12":"product-type-simple"},"yoast_head":"<!-- This site is optimized with the Yoast SEO plugin v26.9 - https:\/\/yoast.com\/product\/yoast-seo-wordpress\/ -->\n<title>Porta Correr Jequitib\u00e1 com Caixilho em Curitiba<\/title>\n<meta name=\"description\" content=\"Aqui na Gralha Azul voc\u00ea encontra Porta Correr Jequitib\u00e1 com Caixilho da melhor qualidade! Clique e veja sobre madeiras em Curitiba.\" \/>\n<meta name=\"robots\" content=\"index, follow, max-snippet:-1, max-image-preview:large, max-video-preview:-1\" \/>\n<link rel=\"canonical\" href=\"https:\/\/conectid.com.br\/gralha-azul-site\/produto\/porta-correr-jequitiba-com-caixilho\/\" \/>\n<meta property=\"og:locale\" content=\"pt_BR\" \/>\n<meta property=\"og:type\" content=\"article\" \/>\n<meta property=\"og:title\" content=\"Porta Correr Jequitib\u00e1 com Caixilho em Curitiba\" \/>\n<meta property=\"og:description\" content=\"Aqui na Gralha Azul voc\u00ea encontra Porta Correr Jequitib\u00e1 com Caixilho da melhor qualidade! Clique e veja sobre madeiras em Curitiba.\" \/>\n<meta property=\"og:url\" content=\"https:\/\/conectid.com.br\/gralha-azul-site\/produto\/porta-correr-jequitiba-com-caixilho\/\" \/>\n<meta property=\"og:site_name\" content=\"Portas de Madeira em Curitiba - Gralha Azul\" \/>\n<meta property=\"article:publisher\" content=\"https:\/\/www.facebook.com\/gralhaazulportas\" \/>\n<meta property=\"article:modified_time\" content=\"2023-12-06T17:40:48+00:00\" \/>\n<meta name=\"twitter:card\" content=\"summary_large_image\" \/>\n<meta name=\"twitter:label1\" content=\"Est. tempo de leitura\" \/>\n\t<meta name=\"twitter:data1\" content=\"1 minuto\" \/>\n<script type=\"application\/ld+json\" class=\"yoast-schema-graph\">{\"@context\":\"https:\/\/schema.org\",\"@graph\":[{\"@type\":\"WebPage\",\"@id\":\"https:\/\/conectid.com.br\/gralha-azul-site\/produto\/porta-correr-jequitiba-com-caixilho\/\",\"url\":\"https:\/\/conectid.com.br\/gralha-azul-site\/produto\/porta-correr-jequitiba-com-caixilho\/\",\"name\":\"Porta Correr Jequitib\u00e1 com Caixilho em Curitiba\",\"isPartOf\":{\"@id\":\"https:\/\/conectid.com.br\/gralha-azul-site\/#website\"},\"primaryImageOfPage\":{\"@id\":\"https:\/\/conectid.com.br\/gralha-azul-site\/produto\/porta-correr-jequitiba-com-caixilho\/#primaryimage\"},\"image\":{\"@id\":\"https:\/\/conectid.com.br\/gralha-azul-site\/produto\/porta-correr-jequitiba-com-caixilho\/#primaryimage\"},\"thumbnailUrl\":\"\",\"datePublished\":\"2022-03-16T18:03:30+00:00\",\"dateModified\":\"2023-12-06T17:40:48+00:00\",\"description\":\"Aqui na Gralha Azul voc\u00ea encontra Porta Correr Jequitib\u00e1 com Caixilho da melhor qualidade! Clique e veja sobre madeiras em Curitiba.\",\"breadcrumb\":{\"@id\":\"https:\/\/conectid.com.br\/gralha-azul-site\/produto\/porta-correr-jequitiba-com-caixilho\/#breadcrumb\"},\"inLanguage\":\"pt-BR\",\"potentialAction\":[{\"@type\":\"ReadAction\",\"target\":[\"https:\/\/conectid.com.br\/gralha-azul-site\/produto\/porta-correr-jequitiba-com-caixilho\/\"]}]},{\"@type\":\"ImageObject\",\"inLanguage\":\"pt-BR\",\"@id\":\"https:\/\/conectid.com.br\/gralha-azul-site\/produto\/porta-correr-jequitiba-com-caixilho\/#primaryimage\",\"url\":\"\",\"contentUrl\":\"\"},{\"@type\":\"BreadcrumbList\",\"@id\":\"https:\/\/conectid.com.br\/gralha-azul-site\/produto\/porta-correr-jequitiba-com-caixilho\/#breadcrumb\",\"itemListElement\":[{\"@type\":\"ListItem\",\"position\":1,\"name\":\"In\u00edcio\",\"item\":\"https:\/\/conectid.com.br\/gralha-azul-site\/\"},{\"@type\":\"ListItem\",\"position\":2,\"name\":\"Produtos\",\"item\":\"https:\/\/conectid.com.br\/gralha-azul-site\/produtos\/\"},{\"@type\":\"ListItem\",\"position\":3,\"name\":\"Porta Correr Jequitib\u00e1 com Caixilho\"}]},{\"@type\":\"WebSite\",\"@id\":\"https:\/\/conectid.com.br\/gralha-azul-site\/#website\",\"url\":\"https:\/\/conectid.com.br\/gralha-azul-site\/\",\"name\":\"Portas de Madeira em Curitiba - Gralha Azul\",\"description\":\"\",\"publisher\":{\"@id\":\"https:\/\/conectid.com.br\/gralha-azul-site\/#organization\"},\"potentialAction\":[{\"@type\":\"SearchAction\",\"target\":{\"@type\":\"EntryPoint\",\"urlTemplate\":\"https:\/\/conectid.com.br\/gralha-azul-site\/?s={search_term_string}\"},\"query-input\":{\"@type\":\"PropertyValueSpecification\",\"valueRequired\":true,\"valueName\":\"search_term_string\"}}],\"inLanguage\":\"pt-BR\"},{\"@type\":\"Organization\",\"@id\":\"https:\/\/conectid.com.br\/gralha-azul-site\/#organization\",\"name\":\"Portas de Madeira em Curitiba - Gralha Azul\",\"url\":\"https:\/\/conectid.com.br\/gralha-azul-site\/\",\"logo\":{\"@type\":\"ImageObject\",\"inLanguage\":\"pt-BR\",\"@id\":\"https:\/\/conectid.com.br\/gralha-azul-site\/#\/schema\/logo\/image\/\",\"url\":\"https:\/\/conectid.com.br\/gralha-azul-site\/wp-content\/uploads\/2021\/02\/gralha-azul-portas-e-madeiras.jpg\",\"contentUrl\":\"https:\/\/conectid.com.br\/gralha-azul-site\/wp-content\/uploads\/2021\/02\/gralha-azul-portas-e-madeiras.jpg\",\"width\":800,\"height\":800,\"caption\":\"Portas de Madeira em Curitiba - Gralha Azul\"},\"image\":{\"@id\":\"https:\/\/conectid.com.br\/gralha-azul-site\/#\/schema\/logo\/image\/\"},\"sameAs\":[\"https:\/\/www.facebook.com\/gralhaazulportas\",\"https:\/\/www.instagram.com\/gralhaazulportas\/\"]}]}<\/script>\n<!-- \/ Yoast SEO plugin. -->","yoast_head_json":{"title":"Porta Correr Jequitib\u00e1 com Caixilho em Curitiba","description":"Aqui na Gralha Azul voc\u00ea encontra Porta Correr Jequitib\u00e1 com Caixilho da melhor qualidade! Clique e veja sobre madeiras em Curitiba.","robots":{"index":"index","follow":"follow","max-snippet":"max-snippet:-1","max-image-preview":"max-image-preview:large","max-video-preview":"max-video-preview:-1"},"canonical":"https:\/\/conectid.com.br\/gralha-azul-site\/produto\/porta-correr-jequitiba-com-caixilho\/","og_locale":"pt_BR","og_type":"article","og_title":"Porta Correr Jequitib\u00e1 com Caixilho em Curitiba","og_description":"Aqui na Gralha Azul voc\u00ea encontra Porta Correr Jequitib\u00e1 com Caixilho da melhor qualidade! Clique e veja sobre madeiras em Curitiba.","og_url":"https:\/\/conectid.com.br\/gralha-azul-site\/produto\/porta-correr-jequitiba-com-caixilho\/","og_site_name":"Portas de Madeira em Curitiba - Gralha Azul","article_publisher":"https:\/\/www.facebook.com\/gralhaazulportas","article_modified_time":"2023-12-06T17:40:48+00:00","twitter_card":"summary_large_image","twitter_misc":{"Est. tempo de leitura":"1 minuto"},"schema":{"@context":"https:\/\/schema.org","@graph":[{"@type":"WebPage","@id":"https:\/\/conectid.com.br\/gralha-azul-site\/produto\/porta-correr-jequitiba-com-caixilho\/","url":"https:\/\/conectid.com.br\/gralha-azul-site\/produto\/porta-correr-jequitiba-com-caixilho\/","name":"Porta Correr Jequitib\u00e1 com Caixilho em Curitiba","isPartOf":{"@id":"https:\/\/conectid.com.br\/gralha-azul-site\/#website"},"primaryImageOfPage":{"@id":"https:\/\/conectid.com.br\/gralha-azul-site\/produto\/porta-correr-jequitiba-com-caixilho\/#primaryimage"},"image":{"@id":"https:\/\/conectid.com.br\/gralha-azul-site\/produto\/porta-correr-jequitiba-com-caixilho\/#primaryimage"},"thumbnailUrl":"","datePublished":"2022-03-16T18:03:30+00:00","dateModified":"2023-12-06T17:40:48+00:00","description":"Aqui na Gralha Azul voc\u00ea encontra Porta Correr Jequitib\u00e1 com Caixilho da melhor qualidade! Clique e veja sobre madeiras em Curitiba.","breadcrumb":{"@id":"https:\/\/conectid.com.br\/gralha-azul-site\/produto\/porta-correr-jequitiba-com-caixilho\/#breadcrumb"},"inLanguage":"pt-BR","potentialAction":[{"@type":"ReadAction","target":["https:\/\/conectid.com.br\/gralha-azul-site\/produto\/porta-correr-jequitiba-com-caixilho\/"]}]},{"@type":"ImageObject","inLanguage":"pt-BR","@id":"https:\/\/conectid.com.br\/gralha-azul-site\/produto\/porta-correr-jequitiba-com-caixilho\/#primaryimage","url":"","contentUrl":""},{"@type":"BreadcrumbList","@id":"https:\/\/conectid.com.br\/gralha-azul-site\/produto\/porta-correr-jequitiba-com-caixilho\/#breadcrumb","itemListElement":[{"@type":"ListItem","position":1,"name":"In\u00edcio","item":"https:\/\/conectid.com.br\/gralha-azul-site\/"},{"@type":"ListItem","position":2,"name":"Produtos","item":"https:\/\/conectid.com.br\/gralha-azul-site\/produtos\/"},{"@type":"ListItem","position":3,"name":"Porta Correr Jequitib\u00e1 com Caixilho"}]},{"@type":"WebSite","@id":"https:\/\/conectid.com.br\/gralha-azul-site\/#website","url":"https:\/\/conectid.com.br\/gralha-azul-site\/","name":"Portas de Madeira em Curitiba - Gralha Azul","description":"","publisher":{"@id":"https:\/\/conectid.com.br\/gralha-azul-site\/#organization"},"potentialAction":[{"@type":"SearchAction","target":{"@type":"EntryPoint","urlTemplate":"https:\/\/conectid.com.br\/gralha-azul-site\/?s={search_term_string}"},"query-input":{"@type":"PropertyValueSpecification","valueRequired":true,"valueName":"search_term_string"}}],"inLanguage":"pt-BR"},{"@type":"Organization","@id":"https:\/\/conectid.com.br\/gralha-azul-site\/#organization","name":"Portas de Madeira em Curitiba - Gralha Azul","url":"https:\/\/conectid.com.br\/gralha-azul-site\/","logo":{"@type":"ImageObject","inLanguage":"pt-BR","@id":"https:\/\/conectid.com.br\/gralha-azul-site\/#\/schema\/logo\/image\/","url":"https:\/\/conectid.com.br\/gralha-azul-site\/wp-content\/uploads\/2021\/02\/gralha-azul-portas-e-madeiras.jpg","contentUrl":"https:\/\/conectid.com.br\/gralha-azul-site\/wp-content\/uploads\/2021\/02\/gralha-azul-portas-e-madeiras.jpg","width":800,"height":800,"caption":"Portas de Madeira em Curitiba - Gralha Azul"},"image":{"@id":"https:\/\/conectid.com.br\/gralha-azul-site\/#\/schema\/logo\/image\/"},"sameAs":["https:\/\/www.facebook.com\/gralhaazulportas","https:\/\/www.instagram.com\/gralhaazulportas\/"]}]}},"_links":{"self":[{"href":"https:\/\/conectid.com.br\/gralha-azul-site\/wp-json\/wp\/v2\/product\/1828","targetHints":{"allow":["GET"]}}],"collection":[{"href":"https:\/\/conectid.com.br\/gralha-azul-site\/wp-json\/wp\/v2\/product"}],"about":[{"href":"https:\/\/conectid.com.br\/gralha-azul-site\/wp-json\/wp\/v2\/types\/product"}],"replies":[{"embeddable":true,"href":"https:\/\/conectid.com.br\/gralha-azul-site\/wp-json\/wp\/v2\/comments?post=1828"}],"wp:featuredmedia":[{"embeddable":true,"href":"https:\/\/conectid.com.br\/gralha-azul-site\/wp-json\/"}],"wp:attachment":[{"href":"https:\/\/conectid.com.br\/gralha-azul-site\/wp-json\/wp\/v2\/media?parent=1828"}],"wp:term":[{"taxonomy":"product_brand","embeddable":true,"href":"https:\/\/conectid.com.br\/gralha-azul-site\/wp-json\/wp\/v2\/product_brand?post=1828"},{"taxonomy":"product_cat","embeddable":true,"href":"https:\/\/conectid.com.br\/gralha-azul-site\/wp-json\/wp\/v2\/product_cat?post=1828"},{"taxonomy":"product_tag","embeddable":true,"href":"https:\/\/conectid.com.br\/gralha-azul-site\/wp-json\/wp\/v2\/product_tag?post=1828"}],"curies":[{"name":"wp","href":"https:\/\/api.w.org\/{rel}","templated":true}]}}