{"id":1763,"date":"2022-03-16T18:01:54","date_gmt":"2022-03-16T18:01:54","guid":{"rendered":"https:\/\/gralhaazulportas1.hospedagemdesites.ws\/?post_type=product&amp;p=1763"},"modified":"2022-03-16T18:01:54","modified_gmt":"2022-03-16T18:01:54","slug":"madeira-ipe-champagne","status":"publish","type":"product","link":"https:\/\/conectid.com.br\/gralha-azul-site\/produto\/madeira-ipe-champagne\/","title":{"rendered":"Madeira Ip\u00ea Champagne"},"content":{"rendered":"<p>Madeiras de Ip\u00ea Champagne. Ideal para Degraus de escada.<br \/>\nTrabalhamos com madeira de Ip\u00ea Champagne\u00a0com garantia de qualidade e proced\u00eancia da madeira.<\/p>\n<p>Madeira de Ip\u00ea Champagne (Cumaru)\u00a0a pronta entrega em Curitiba.<\/p>\n<p>Veja abaixo todas as bitolas que trabalhamos.<\/p>\n<p>ripa 1 x 2<br \/>\nripa 1 x 3<br \/>\nripa 1 x 4<br \/>\ntabua 1 x 5<br \/>\ntanua 1 x 6<br \/>\ntabua 1 x 8<br \/>\ntabua 1 x 10<br \/>\ntabua 1 x 12<br \/>\ntabua 1 x 14<br \/>\ntabua 1 x 16<br \/>\ntabua 1 x 18<br \/>\ntabua 1 x 20<br \/>\nripa 11\/2 x 2<br \/>\nripa 11\/2 x 3<br \/>\nripa 11\/2 x 4<br \/>\nprancha 11\/2 x 5<br \/>\nprancha 11\/2 x 6<br \/>\nprancha 11\/2 x 8<br \/>\nprancha 11\/2 x 10<br \/>\nprancha 11\/2 x 12<br \/>\nprancha 11\/2 x 14<br \/>\nprancha 11\/2 x 16<br \/>\nprancha 11\/2 x 18<br \/>\nprancha 11\/2 x 20<\/p>\n","protected":false},"excerpt":{"rendered":"<p>Madeiras de Ip\u00ea Champagne. Ideal para Degraus de escada.<br \/>\nTrabalhamos com madeira de Ip\u00ea Champagne\u00a0com garantia de qualidade e proced\u00eancia da madeira.<br \/>\nMadeira de Ip\u00ea Champagne (Cumaru)\u00a0a pronta entrega em Curitiba.<\/p>\n","protected":false},"featured_media":1840,"comment_status":"closed","ping_status":"closed","template":"","meta":[],"product_brand":[],"product_cat":[272],"product_tag":[],"class_list":{"0":"post-1763","1":"product","2":"type-product","3":"status-publish","4":"has-post-thumbnail","6":"product_cat-madeiras-brutas-beneficiadas","8":"first","9":"instock","10":"sold-individually","11":"shipping-taxable","12":"product-type-simple"},"yoast_head":"<!-- This site is optimized with the Yoast SEO plugin v26.9 - https:\/\/yoast.com\/product\/yoast-seo-wordpress\/ -->\n<title>Madeira Ip\u00ea Champagne em Curitiba | Gralha Azul<\/title>\n<meta name=\"description\" content=\"Aqui na Gralha Azul voc\u00ea encontra Madeira Ip\u00ea Champagne da melhor qualidade! Clique e veja sobre madeiras em Curitiba.\" \/>\n<meta name=\"robots\" content=\"index, follow, max-snippet:-1, max-image-preview:large, max-video-preview:-1\" \/>\n<link rel=\"canonical\" href=\"https:\/\/conectid.com.br\/gralha-azul-site\/produto\/madeira-ipe-champagne\/\" \/>\n<meta property=\"og:locale\" content=\"pt_BR\" \/>\n<meta property=\"og:type\" content=\"article\" \/>\n<meta property=\"og:title\" content=\"Madeira Ip\u00ea Champagne em Curitiba | Gralha Azul\" \/>\n<meta property=\"og:description\" content=\"Aqui na Gralha Azul voc\u00ea encontra Madeira Ip\u00ea Champagne da melhor qualidade! Clique e veja sobre madeiras em Curitiba.\" \/>\n<meta property=\"og:url\" content=\"https:\/\/conectid.com.br\/gralha-azul-site\/produto\/madeira-ipe-champagne\/\" \/>\n<meta property=\"og:site_name\" content=\"Portas de Madeira em Curitiba - Gralha Azul\" \/>\n<meta property=\"article:publisher\" content=\"https:\/\/www.facebook.com\/gralhaazulportas\" \/>\n<meta name=\"twitter:card\" content=\"summary_large_image\" \/>\n<script type=\"application\/ld+json\" class=\"yoast-schema-graph\">{\"@context\":\"https:\/\/schema.org\",\"@graph\":[{\"@type\":\"WebPage\",\"@id\":\"https:\/\/conectid.com.br\/gralha-azul-site\/produto\/madeira-ipe-champagne\/\",\"url\":\"https:\/\/conectid.com.br\/gralha-azul-site\/produto\/madeira-ipe-champagne\/\",\"name\":\"Madeira Ip\u00ea Champagne em Curitiba | Gralha Azul\",\"isPartOf\":{\"@id\":\"https:\/\/conectid.com.br\/gralha-azul-site\/#website\"},\"primaryImageOfPage\":{\"@id\":\"https:\/\/conectid.com.br\/gralha-azul-site\/produto\/madeira-ipe-champagne\/#primaryimage\"},\"image\":{\"@id\":\"https:\/\/conectid.com.br\/gralha-azul-site\/produto\/madeira-ipe-champagne\/#primaryimage\"},\"thumbnailUrl\":\"\",\"datePublished\":\"2022-03-16T18:01:54+00:00\",\"description\":\"Aqui na Gralha Azul voc\u00ea encontra Madeira Ip\u00ea Champagne da melhor qualidade! Clique e veja sobre madeiras em Curitiba.\",\"breadcrumb\":{\"@id\":\"https:\/\/conectid.com.br\/gralha-azul-site\/produto\/madeira-ipe-champagne\/#breadcrumb\"},\"inLanguage\":\"pt-BR\",\"potentialAction\":[{\"@type\":\"ReadAction\",\"target\":[\"https:\/\/conectid.com.br\/gralha-azul-site\/produto\/madeira-ipe-champagne\/\"]}]},{\"@type\":\"ImageObject\",\"inLanguage\":\"pt-BR\",\"@id\":\"https:\/\/conectid.com.br\/gralha-azul-site\/produto\/madeira-ipe-champagne\/#primaryimage\",\"url\":\"\",\"contentUrl\":\"\"},{\"@type\":\"BreadcrumbList\",\"@id\":\"https:\/\/conectid.com.br\/gralha-azul-site\/produto\/madeira-ipe-champagne\/#breadcrumb\",\"itemListElement\":[{\"@type\":\"ListItem\",\"position\":1,\"name\":\"In\u00edcio\",\"item\":\"https:\/\/conectid.com.br\/gralha-azul-site\/\"},{\"@type\":\"ListItem\",\"position\":2,\"name\":\"Produtos\",\"item\":\"https:\/\/conectid.com.br\/gralha-azul-site\/produtos\/\"},{\"@type\":\"ListItem\",\"position\":3,\"name\":\"Madeira Ip\u00ea Champagne\"}]},{\"@type\":\"WebSite\",\"@id\":\"https:\/\/conectid.com.br\/gralha-azul-site\/#website\",\"url\":\"https:\/\/conectid.com.br\/gralha-azul-site\/\",\"name\":\"Portas de Madeira em Curitiba - Gralha Azul\",\"description\":\"\",\"publisher\":{\"@id\":\"https:\/\/conectid.com.br\/gralha-azul-site\/#organization\"},\"potentialAction\":[{\"@type\":\"SearchAction\",\"target\":{\"@type\":\"EntryPoint\",\"urlTemplate\":\"https:\/\/conectid.com.br\/gralha-azul-site\/?s={search_term_string}\"},\"query-input\":{\"@type\":\"PropertyValueSpecification\",\"valueRequired\":true,\"valueName\":\"search_term_string\"}}],\"inLanguage\":\"pt-BR\"},{\"@type\":\"Organization\",\"@id\":\"https:\/\/conectid.com.br\/gralha-azul-site\/#organization\",\"name\":\"Portas de Madeira em Curitiba - Gralha Azul\",\"url\":\"https:\/\/conectid.com.br\/gralha-azul-site\/\",\"logo\":{\"@type\":\"ImageObject\",\"inLanguage\":\"pt-BR\",\"@id\":\"https:\/\/conectid.com.br\/gralha-azul-site\/#\/schema\/logo\/image\/\",\"url\":\"https:\/\/conectid.com.br\/gralha-azul-site\/wp-content\/uploads\/2021\/02\/gralha-azul-portas-e-madeiras.jpg\",\"contentUrl\":\"https:\/\/conectid.com.br\/gralha-azul-site\/wp-content\/uploads\/2021\/02\/gralha-azul-portas-e-madeiras.jpg\",\"width\":800,\"height\":800,\"caption\":\"Portas de Madeira em Curitiba - Gralha Azul\"},\"image\":{\"@id\":\"https:\/\/conectid.com.br\/gralha-azul-site\/#\/schema\/logo\/image\/\"},\"sameAs\":[\"https:\/\/www.facebook.com\/gralhaazulportas\",\"https:\/\/www.instagram.com\/gralhaazulportas\/\"]}]}<\/script>\n<!-- \/ Yoast SEO plugin. -->","yoast_head_json":{"title":"Madeira Ip\u00ea Champagne em Curitiba | Gralha Azul","description":"Aqui na Gralha Azul voc\u00ea encontra Madeira Ip\u00ea Champagne da melhor qualidade! Clique e veja sobre madeiras em Curitiba.","robots":{"index":"index","follow":"follow","max-snippet":"max-snippet:-1","max-image-preview":"max-image-preview:large","max-video-preview":"max-video-preview:-1"},"canonical":"https:\/\/conectid.com.br\/gralha-azul-site\/produto\/madeira-ipe-champagne\/","og_locale":"pt_BR","og_type":"article","og_title":"Madeira Ip\u00ea Champagne em Curitiba | Gralha Azul","og_description":"Aqui na Gralha Azul voc\u00ea encontra Madeira Ip\u00ea Champagne da melhor qualidade! Clique e veja sobre madeiras em Curitiba.","og_url":"https:\/\/conectid.com.br\/gralha-azul-site\/produto\/madeira-ipe-champagne\/","og_site_name":"Portas de Madeira em Curitiba - Gralha Azul","article_publisher":"https:\/\/www.facebook.com\/gralhaazulportas","twitter_card":"summary_large_image","schema":{"@context":"https:\/\/schema.org","@graph":[{"@type":"WebPage","@id":"https:\/\/conectid.com.br\/gralha-azul-site\/produto\/madeira-ipe-champagne\/","url":"https:\/\/conectid.com.br\/gralha-azul-site\/produto\/madeira-ipe-champagne\/","name":"Madeira Ip\u00ea Champagne em Curitiba | Gralha Azul","isPartOf":{"@id":"https:\/\/conectid.com.br\/gralha-azul-site\/#website"},"primaryImageOfPage":{"@id":"https:\/\/conectid.com.br\/gralha-azul-site\/produto\/madeira-ipe-champagne\/#primaryimage"},"image":{"@id":"https:\/\/conectid.com.br\/gralha-azul-site\/produto\/madeira-ipe-champagne\/#primaryimage"},"thumbnailUrl":"","datePublished":"2022-03-16T18:01:54+00:00","description":"Aqui na Gralha Azul voc\u00ea encontra Madeira Ip\u00ea Champagne da melhor qualidade! Clique e veja sobre madeiras em Curitiba.","breadcrumb":{"@id":"https:\/\/conectid.com.br\/gralha-azul-site\/produto\/madeira-ipe-champagne\/#breadcrumb"},"inLanguage":"pt-BR","potentialAction":[{"@type":"ReadAction","target":["https:\/\/conectid.com.br\/gralha-azul-site\/produto\/madeira-ipe-champagne\/"]}]},{"@type":"ImageObject","inLanguage":"pt-BR","@id":"https:\/\/conectid.com.br\/gralha-azul-site\/produto\/madeira-ipe-champagne\/#primaryimage","url":"","contentUrl":""},{"@type":"BreadcrumbList","@id":"https:\/\/conectid.com.br\/gralha-azul-site\/produto\/madeira-ipe-champagne\/#breadcrumb","itemListElement":[{"@type":"ListItem","position":1,"name":"In\u00edcio","item":"https:\/\/conectid.com.br\/gralha-azul-site\/"},{"@type":"ListItem","position":2,"name":"Produtos","item":"https:\/\/conectid.com.br\/gralha-azul-site\/produtos\/"},{"@type":"ListItem","position":3,"name":"Madeira Ip\u00ea Champagne"}]},{"@type":"WebSite","@id":"https:\/\/conectid.com.br\/gralha-azul-site\/#website","url":"https:\/\/conectid.com.br\/gralha-azul-site\/","name":"Portas de Madeira em Curitiba - Gralha Azul","description":"","publisher":{"@id":"https:\/\/conectid.com.br\/gralha-azul-site\/#organization"},"potentialAction":[{"@type":"SearchAction","target":{"@type":"EntryPoint","urlTemplate":"https:\/\/conectid.com.br\/gralha-azul-site\/?s={search_term_string}"},"query-input":{"@type":"PropertyValueSpecification","valueRequired":true,"valueName":"search_term_string"}}],"inLanguage":"pt-BR"},{"@type":"Organization","@id":"https:\/\/conectid.com.br\/gralha-azul-site\/#organization","name":"Portas de Madeira em Curitiba - Gralha Azul","url":"https:\/\/conectid.com.br\/gralha-azul-site\/","logo":{"@type":"ImageObject","inLanguage":"pt-BR","@id":"https:\/\/conectid.com.br\/gralha-azul-site\/#\/schema\/logo\/image\/","url":"https:\/\/conectid.com.br\/gralha-azul-site\/wp-content\/uploads\/2021\/02\/gralha-azul-portas-e-madeiras.jpg","contentUrl":"https:\/\/conectid.com.br\/gralha-azul-site\/wp-content\/uploads\/2021\/02\/gralha-azul-portas-e-madeiras.jpg","width":800,"height":800,"caption":"Portas de Madeira em Curitiba - Gralha Azul"},"image":{"@id":"https:\/\/conectid.com.br\/gralha-azul-site\/#\/schema\/logo\/image\/"},"sameAs":["https:\/\/www.facebook.com\/gralhaazulportas","https:\/\/www.instagram.com\/gralhaazulportas\/"]}]}},"_links":{"self":[{"href":"https:\/\/conectid.com.br\/gralha-azul-site\/wp-json\/wp\/v2\/product\/1763","targetHints":{"allow":["GET"]}}],"collection":[{"href":"https:\/\/conectid.com.br\/gralha-azul-site\/wp-json\/wp\/v2\/product"}],"about":[{"href":"https:\/\/conectid.com.br\/gralha-azul-site\/wp-json\/wp\/v2\/types\/product"}],"replies":[{"embeddable":true,"href":"https:\/\/conectid.com.br\/gralha-azul-site\/wp-json\/wp\/v2\/comments?post=1763"}],"wp:featuredmedia":[{"embeddable":true,"href":"https:\/\/conectid.com.br\/gralha-azul-site\/wp-json\/"}],"wp:attachment":[{"href":"https:\/\/conectid.com.br\/gralha-azul-site\/wp-json\/wp\/v2\/media?parent=1763"}],"wp:term":[{"taxonomy":"product_brand","embeddable":true,"href":"https:\/\/conectid.com.br\/gralha-azul-site\/wp-json\/wp\/v2\/product_brand?post=1763"},{"taxonomy":"product_cat","embeddable":true,"href":"https:\/\/conectid.com.br\/gralha-azul-site\/wp-json\/wp\/v2\/product_cat?post=1763"},{"taxonomy":"product_tag","embeddable":true,"href":"https:\/\/conectid.com.br\/gralha-azul-site\/wp-json\/wp\/v2\/product_tag?post=1763"}],"curies":[{"name":"wp","href":"https:\/\/api.w.org\/{rel}","templated":true}]}}