{"id":1728,"date":"2022-03-16T18:01:30","date_gmt":"2022-03-16T18:01:30","guid":{"rendered":"https:\/\/gralhaazulportas1.hospedagemdesites.ws\/?post_type=product&amp;p=1728"},"modified":"2022-03-16T18:01:30","modified_gmt":"2022-03-16T18:01:30","slug":"fixador-magnetico-piso-parede-para-porta-com-adesivo-3m","status":"publish","type":"product","link":"https:\/\/conectid.com.br\/gralha-azul-site\/produto\/fixador-magnetico-piso-parede-para-porta-com-adesivo-3m\/","title":{"rendered":"Fixador Magn\u00e9tico Piso Parede Para Porta com Adesivo 3M"},"content":{"rendered":"<p>Fixador para porta com adesivo 3M, n\u00e3o necessita de fura\u00e7\u00e3o na parede.<\/p>\n<p>Design inovador.<\/p>\n","protected":false},"excerpt":{"rendered":"<p>Fixador para porta com adesivo 3M, n\u00e3o necessita de fura\u00e7\u00e3o na parede.<\/p>\n<p>Design inovador.<\/p>\n","protected":false},"featured_media":1781,"comment_status":"closed","ping_status":"closed","template":"","meta":[],"product_brand":[],"product_cat":[274],"product_tag":[],"class_list":{"0":"post-1728","1":"product","2":"type-product","3":"status-publish","4":"has-post-thumbnail","6":"product_cat-utensilios","8":"first","9":"instock","10":"sold-individually","11":"shipping-taxable","12":"product-type-simple"},"yoast_head":"<!-- This site is optimized with the Yoast SEO plugin v26.9 - https:\/\/yoast.com\/product\/yoast-seo-wordpress\/ -->\n<title>Fixador Magn\u00e9tico Piso Parede Para Porta com Adesivo 3M em Curitiba<\/title>\n<meta name=\"description\" content=\"Aqui na Gralha Azul voc\u00ea encontra Fixador Magn\u00e9tico Piso Parede Para Porta com Adesivo 3M da melhor qualidade!\" \/>\n<meta name=\"robots\" content=\"index, follow, max-snippet:-1, max-image-preview:large, max-video-preview:-1\" \/>\n<link rel=\"canonical\" href=\"https:\/\/conectid.com.br\/gralha-azul-site\/produto\/fixador-magnetico-piso-parede-para-porta-com-adesivo-3m\/\" \/>\n<meta property=\"og:locale\" content=\"pt_BR\" \/>\n<meta property=\"og:type\" content=\"article\" \/>\n<meta property=\"og:title\" content=\"Fixador Magn\u00e9tico Piso Parede Para Porta com Adesivo 3M em Curitiba\" \/>\n<meta property=\"og:description\" content=\"Aqui na Gralha Azul voc\u00ea encontra Fixador Magn\u00e9tico Piso Parede Para Porta com Adesivo 3M da melhor qualidade!\" \/>\n<meta property=\"og:url\" content=\"https:\/\/conectid.com.br\/gralha-azul-site\/produto\/fixador-magnetico-piso-parede-para-porta-com-adesivo-3m\/\" \/>\n<meta property=\"og:site_name\" content=\"Portas de Madeira em Curitiba - Gralha Azul\" \/>\n<meta property=\"article:publisher\" content=\"https:\/\/www.facebook.com\/gralhaazulportas\" \/>\n<meta name=\"twitter:card\" content=\"summary_large_image\" \/>\n<script type=\"application\/ld+json\" class=\"yoast-schema-graph\">{\"@context\":\"https:\/\/schema.org\",\"@graph\":[{\"@type\":\"WebPage\",\"@id\":\"https:\/\/conectid.com.br\/gralha-azul-site\/produto\/fixador-magnetico-piso-parede-para-porta-com-adesivo-3m\/\",\"url\":\"https:\/\/conectid.com.br\/gralha-azul-site\/produto\/fixador-magnetico-piso-parede-para-porta-com-adesivo-3m\/\",\"name\":\"Fixador Magn\u00e9tico Piso Parede Para Porta com Adesivo 3M em Curitiba\",\"isPartOf\":{\"@id\":\"https:\/\/conectid.com.br\/gralha-azul-site\/#website\"},\"primaryImageOfPage\":{\"@id\":\"https:\/\/conectid.com.br\/gralha-azul-site\/produto\/fixador-magnetico-piso-parede-para-porta-com-adesivo-3m\/#primaryimage\"},\"image\":{\"@id\":\"https:\/\/conectid.com.br\/gralha-azul-site\/produto\/fixador-magnetico-piso-parede-para-porta-com-adesivo-3m\/#primaryimage\"},\"thumbnailUrl\":\"\",\"datePublished\":\"2022-03-16T18:01:30+00:00\",\"description\":\"Aqui na Gralha Azul voc\u00ea encontra Fixador Magn\u00e9tico Piso Parede Para Porta com Adesivo 3M da melhor qualidade!\",\"breadcrumb\":{\"@id\":\"https:\/\/conectid.com.br\/gralha-azul-site\/produto\/fixador-magnetico-piso-parede-para-porta-com-adesivo-3m\/#breadcrumb\"},\"inLanguage\":\"pt-BR\",\"potentialAction\":[{\"@type\":\"ReadAction\",\"target\":[\"https:\/\/conectid.com.br\/gralha-azul-site\/produto\/fixador-magnetico-piso-parede-para-porta-com-adesivo-3m\/\"]}]},{\"@type\":\"ImageObject\",\"inLanguage\":\"pt-BR\",\"@id\":\"https:\/\/conectid.com.br\/gralha-azul-site\/produto\/fixador-magnetico-piso-parede-para-porta-com-adesivo-3m\/#primaryimage\",\"url\":\"\",\"contentUrl\":\"\"},{\"@type\":\"BreadcrumbList\",\"@id\":\"https:\/\/conectid.com.br\/gralha-azul-site\/produto\/fixador-magnetico-piso-parede-para-porta-com-adesivo-3m\/#breadcrumb\",\"itemListElement\":[{\"@type\":\"ListItem\",\"position\":1,\"name\":\"In\u00edcio\",\"item\":\"https:\/\/conectid.com.br\/gralha-azul-site\/\"},{\"@type\":\"ListItem\",\"position\":2,\"name\":\"Produtos\",\"item\":\"https:\/\/conectid.com.br\/gralha-azul-site\/produtos\/\"},{\"@type\":\"ListItem\",\"position\":3,\"name\":\"Fixador Magn\u00e9tico Piso Parede Para Porta com Adesivo 3M\"}]},{\"@type\":\"WebSite\",\"@id\":\"https:\/\/conectid.com.br\/gralha-azul-site\/#website\",\"url\":\"https:\/\/conectid.com.br\/gralha-azul-site\/\",\"name\":\"Portas de Madeira em Curitiba - Gralha Azul\",\"description\":\"\",\"publisher\":{\"@id\":\"https:\/\/conectid.com.br\/gralha-azul-site\/#organization\"},\"potentialAction\":[{\"@type\":\"SearchAction\",\"target\":{\"@type\":\"EntryPoint\",\"urlTemplate\":\"https:\/\/conectid.com.br\/gralha-azul-site\/?s={search_term_string}\"},\"query-input\":{\"@type\":\"PropertyValueSpecification\",\"valueRequired\":true,\"valueName\":\"search_term_string\"}}],\"inLanguage\":\"pt-BR\"},{\"@type\":\"Organization\",\"@id\":\"https:\/\/conectid.com.br\/gralha-azul-site\/#organization\",\"name\":\"Portas de Madeira em Curitiba - Gralha Azul\",\"url\":\"https:\/\/conectid.com.br\/gralha-azul-site\/\",\"logo\":{\"@type\":\"ImageObject\",\"inLanguage\":\"pt-BR\",\"@id\":\"https:\/\/conectid.com.br\/gralha-azul-site\/#\/schema\/logo\/image\/\",\"url\":\"https:\/\/conectid.com.br\/gralha-azul-site\/wp-content\/uploads\/2021\/02\/gralha-azul-portas-e-madeiras.jpg\",\"contentUrl\":\"https:\/\/conectid.com.br\/gralha-azul-site\/wp-content\/uploads\/2021\/02\/gralha-azul-portas-e-madeiras.jpg\",\"width\":800,\"height\":800,\"caption\":\"Portas de Madeira em Curitiba - Gralha Azul\"},\"image\":{\"@id\":\"https:\/\/conectid.com.br\/gralha-azul-site\/#\/schema\/logo\/image\/\"},\"sameAs\":[\"https:\/\/www.facebook.com\/gralhaazulportas\",\"https:\/\/www.instagram.com\/gralhaazulportas\/\"]}]}<\/script>\n<!-- \/ Yoast SEO plugin. -->","yoast_head_json":{"title":"Fixador Magn\u00e9tico Piso Parede Para Porta com Adesivo 3M em Curitiba","description":"Aqui na Gralha Azul voc\u00ea encontra Fixador Magn\u00e9tico Piso Parede Para Porta com Adesivo 3M da melhor qualidade!","robots":{"index":"index","follow":"follow","max-snippet":"max-snippet:-1","max-image-preview":"max-image-preview:large","max-video-preview":"max-video-preview:-1"},"canonical":"https:\/\/conectid.com.br\/gralha-azul-site\/produto\/fixador-magnetico-piso-parede-para-porta-com-adesivo-3m\/","og_locale":"pt_BR","og_type":"article","og_title":"Fixador Magn\u00e9tico Piso Parede Para Porta com Adesivo 3M em Curitiba","og_description":"Aqui na Gralha Azul voc\u00ea encontra Fixador Magn\u00e9tico Piso Parede Para Porta com Adesivo 3M da melhor qualidade!","og_url":"https:\/\/conectid.com.br\/gralha-azul-site\/produto\/fixador-magnetico-piso-parede-para-porta-com-adesivo-3m\/","og_site_name":"Portas de Madeira em Curitiba - Gralha Azul","article_publisher":"https:\/\/www.facebook.com\/gralhaazulportas","twitter_card":"summary_large_image","schema":{"@context":"https:\/\/schema.org","@graph":[{"@type":"WebPage","@id":"https:\/\/conectid.com.br\/gralha-azul-site\/produto\/fixador-magnetico-piso-parede-para-porta-com-adesivo-3m\/","url":"https:\/\/conectid.com.br\/gralha-azul-site\/produto\/fixador-magnetico-piso-parede-para-porta-com-adesivo-3m\/","name":"Fixador Magn\u00e9tico Piso Parede Para Porta com Adesivo 3M em Curitiba","isPartOf":{"@id":"https:\/\/conectid.com.br\/gralha-azul-site\/#website"},"primaryImageOfPage":{"@id":"https:\/\/conectid.com.br\/gralha-azul-site\/produto\/fixador-magnetico-piso-parede-para-porta-com-adesivo-3m\/#primaryimage"},"image":{"@id":"https:\/\/conectid.com.br\/gralha-azul-site\/produto\/fixador-magnetico-piso-parede-para-porta-com-adesivo-3m\/#primaryimage"},"thumbnailUrl":"","datePublished":"2022-03-16T18:01:30+00:00","description":"Aqui na Gralha Azul voc\u00ea encontra Fixador Magn\u00e9tico Piso Parede Para Porta com Adesivo 3M da melhor qualidade!","breadcrumb":{"@id":"https:\/\/conectid.com.br\/gralha-azul-site\/produto\/fixador-magnetico-piso-parede-para-porta-com-adesivo-3m\/#breadcrumb"},"inLanguage":"pt-BR","potentialAction":[{"@type":"ReadAction","target":["https:\/\/conectid.com.br\/gralha-azul-site\/produto\/fixador-magnetico-piso-parede-para-porta-com-adesivo-3m\/"]}]},{"@type":"ImageObject","inLanguage":"pt-BR","@id":"https:\/\/conectid.com.br\/gralha-azul-site\/produto\/fixador-magnetico-piso-parede-para-porta-com-adesivo-3m\/#primaryimage","url":"","contentUrl":""},{"@type":"BreadcrumbList","@id":"https:\/\/conectid.com.br\/gralha-azul-site\/produto\/fixador-magnetico-piso-parede-para-porta-com-adesivo-3m\/#breadcrumb","itemListElement":[{"@type":"ListItem","position":1,"name":"In\u00edcio","item":"https:\/\/conectid.com.br\/gralha-azul-site\/"},{"@type":"ListItem","position":2,"name":"Produtos","item":"https:\/\/conectid.com.br\/gralha-azul-site\/produtos\/"},{"@type":"ListItem","position":3,"name":"Fixador Magn\u00e9tico Piso Parede Para Porta com Adesivo 3M"}]},{"@type":"WebSite","@id":"https:\/\/conectid.com.br\/gralha-azul-site\/#website","url":"https:\/\/conectid.com.br\/gralha-azul-site\/","name":"Portas de Madeira em Curitiba - Gralha Azul","description":"","publisher":{"@id":"https:\/\/conectid.com.br\/gralha-azul-site\/#organization"},"potentialAction":[{"@type":"SearchAction","target":{"@type":"EntryPoint","urlTemplate":"https:\/\/conectid.com.br\/gralha-azul-site\/?s={search_term_string}"},"query-input":{"@type":"PropertyValueSpecification","valueRequired":true,"valueName":"search_term_string"}}],"inLanguage":"pt-BR"},{"@type":"Organization","@id":"https:\/\/conectid.com.br\/gralha-azul-site\/#organization","name":"Portas de Madeira em Curitiba - Gralha Azul","url":"https:\/\/conectid.com.br\/gralha-azul-site\/","logo":{"@type":"ImageObject","inLanguage":"pt-BR","@id":"https:\/\/conectid.com.br\/gralha-azul-site\/#\/schema\/logo\/image\/","url":"https:\/\/conectid.com.br\/gralha-azul-site\/wp-content\/uploads\/2021\/02\/gralha-azul-portas-e-madeiras.jpg","contentUrl":"https:\/\/conectid.com.br\/gralha-azul-site\/wp-content\/uploads\/2021\/02\/gralha-azul-portas-e-madeiras.jpg","width":800,"height":800,"caption":"Portas de Madeira em Curitiba - Gralha Azul"},"image":{"@id":"https:\/\/conectid.com.br\/gralha-azul-site\/#\/schema\/logo\/image\/"},"sameAs":["https:\/\/www.facebook.com\/gralhaazulportas","https:\/\/www.instagram.com\/gralhaazulportas\/"]}]}},"_links":{"self":[{"href":"https:\/\/conectid.com.br\/gralha-azul-site\/wp-json\/wp\/v2\/product\/1728","targetHints":{"allow":["GET"]}}],"collection":[{"href":"https:\/\/conectid.com.br\/gralha-azul-site\/wp-json\/wp\/v2\/product"}],"about":[{"href":"https:\/\/conectid.com.br\/gralha-azul-site\/wp-json\/wp\/v2\/types\/product"}],"replies":[{"embeddable":true,"href":"https:\/\/conectid.com.br\/gralha-azul-site\/wp-json\/wp\/v2\/comments?post=1728"}],"wp:featuredmedia":[{"embeddable":true,"href":"https:\/\/conectid.com.br\/gralha-azul-site\/wp-json\/"}],"wp:attachment":[{"href":"https:\/\/conectid.com.br\/gralha-azul-site\/wp-json\/wp\/v2\/media?parent=1728"}],"wp:term":[{"taxonomy":"product_brand","embeddable":true,"href":"https:\/\/conectid.com.br\/gralha-azul-site\/wp-json\/wp\/v2\/product_brand?post=1728"},{"taxonomy":"product_cat","embeddable":true,"href":"https:\/\/conectid.com.br\/gralha-azul-site\/wp-json\/wp\/v2\/product_cat?post=1728"},{"taxonomy":"product_tag","embeddable":true,"href":"https:\/\/conectid.com.br\/gralha-azul-site\/wp-json\/wp\/v2\/product_tag?post=1728"}],"curies":[{"name":"wp","href":"https:\/\/api.w.org\/{rel}","templated":true}]}}