{"id":1555,"date":"2022-03-16T17:56:07","date_gmt":"2022-03-16T17:56:07","guid":{"rendered":"https:\/\/gralhaazulportas1.hospedagemdesites.ws\/?post_type=product&amp;p=1555"},"modified":"2022-03-16T17:56:07","modified_gmt":"2022-03-16T17:56:07","slug":"deck-ipe-champagne-10cm-x-2cm-primeira-qualidade","status":"publish","type":"product","link":"https:\/\/conectid.com.br\/gralha-azul-site\/produto\/deck-ipe-champagne-10cm-x-2cm-primeira-qualidade\/","title":{"rendered":"Deck Ip\u00ea Champagne 10cm x 2cm Primeira Qualidade"},"content":{"rendered":"<p>A Gralha Azul \u00e9 refer\u00eancia em decks de madeira em Curitiba. Trabalhamos com diversos modelos, incluindo o deck de ip\u00ea tem um tom\u00a0claro,\u00a0madeira ideal para uso externo devido a sua resist\u00eancia e durabilidade.<\/p>\n<p>Os decks de madeira s\u00e3o sem d\u00favida, uma \u00f3tima escolha, pois conferem grande beleza ao ambiente, al\u00e9m da vantagem de garantir maior conforto por absorver a radia\u00e7\u00e3o solar e consequentemente ficar com a temperatura mais agrad\u00e1vel que a dos pisos sint\u00e9ticos ou de pedra. Sofistica\u00e7\u00e3o e requinte \u00e9 a marca registrada do deck de madeira, \u00e9 imposs\u00edvel um deck de madeira passar despercebido, ele proporciona um convite ao lazer e aconchego.<\/p>\n<p>Deck de madeira ip\u00ea\u00a0com 10cm de largura x 2cm de espessura.<\/p>\n<p>Pronta Entrega de Decks de Madeira em Curitiba &#8211;\u00a0PR. <a style=\"color: #000 !important;\" href=\"https:\/\/gralhaazulportas1.hospedagemdesites.ws\/contato\/\">Entre em contato conosco<\/a> e solicite um or\u00e7amento sem compromisso, nossa equipe de consultores est\u00e1 pronta para oferecer os melhores produtos a voc\u00ea.<\/p>\n","protected":false},"excerpt":{"rendered":"<p>O deck de ip\u00ea tem um tom\u00a0claro,\u00a0madeira ideal para uso externo devido a sua resist\u00eancia e durabilidade.<\/p>\n<p>Os decks de madeira s\u00e3o sem d\u00favida, uma \u00f3tima escolha, pois conferem grande beleza ao ambiente, al\u00e9m da vantagem de garantir maior conforto por absorver a radia\u00e7\u00e3o solar e consequentemente ficar com a temperatura mais agrad\u00e1vel que a dos pisos sint\u00e9ticos ou de pedra. Sofistica\u00e7\u00e3o e requinte \u00e9 a marca registrada do deck de madeira, \u00e9 imposs\u00edvel um deck de madeira passar despercebido, ele proporciona um convite ao lazer e aconchego.<\/p>\n<p>Deck de madeira ip\u00ea\u00a0com 10cm de largura x 2cm de espessura.<\/p>\n<p>Deck a Pronta Entrega em Curitiba &#8211;\u00a0PR.<\/p>\n","protected":false},"featured_media":1626,"comment_status":"closed","ping_status":"closed","template":"","meta":[],"product_brand":[],"product_cat":[271],"product_tag":[],"class_list":{"0":"post-1555","1":"product","2":"type-product","3":"status-publish","4":"has-post-thumbnail","6":"product_cat-decks-e-pergolados","8":"first","9":"instock","10":"sold-individually","11":"shipping-taxable","12":"product-type-simple"},"yoast_head":"<!-- This site is optimized with the Yoast SEO plugin v26.9 - https:\/\/yoast.com\/product\/yoast-seo-wordpress\/ -->\n<title>Deck Ip\u00ea Champagne 10cm x 2cm Primeira Qualidade | Gralha Azul<\/title>\n<meta name=\"description\" content=\"Aqui na Gralha Azul voc\u00ea encontra Deck Ip\u00ea Champagne 10cm x 2cm Primeira Qualidade da melhor qualidade! [Madeiras em Curitiba]\" \/>\n<meta name=\"robots\" content=\"index, follow, max-snippet:-1, max-image-preview:large, max-video-preview:-1\" \/>\n<link rel=\"canonical\" href=\"https:\/\/conectid.com.br\/gralha-azul-site\/produto\/deck-ipe-champagne-10cm-x-2cm-primeira-qualidade\/\" \/>\n<meta property=\"og:locale\" content=\"pt_BR\" \/>\n<meta property=\"og:type\" content=\"article\" \/>\n<meta property=\"og:title\" content=\"Deck Ip\u00ea Champagne 10cm x 2cm Primeira Qualidade | Gralha Azul\" \/>\n<meta property=\"og:description\" content=\"Aqui na Gralha Azul voc\u00ea encontra Deck Ip\u00ea Champagne 10cm x 2cm Primeira Qualidade da melhor qualidade! [Madeiras em Curitiba]\" \/>\n<meta property=\"og:url\" content=\"https:\/\/conectid.com.br\/gralha-azul-site\/produto\/deck-ipe-champagne-10cm-x-2cm-primeira-qualidade\/\" \/>\n<meta property=\"og:site_name\" content=\"Portas de Madeira em Curitiba - Gralha Azul\" \/>\n<meta property=\"article:publisher\" content=\"https:\/\/www.facebook.com\/gralhaazulportas\" \/>\n<meta name=\"twitter:card\" content=\"summary_large_image\" \/>\n<meta name=\"twitter:label1\" content=\"Est. tempo de leitura\" \/>\n\t<meta name=\"twitter:data1\" content=\"1 minuto\" \/>\n<script type=\"application\/ld+json\" class=\"yoast-schema-graph\">{\"@context\":\"https:\/\/schema.org\",\"@graph\":[{\"@type\":\"WebPage\",\"@id\":\"https:\/\/conectid.com.br\/gralha-azul-site\/produto\/deck-ipe-champagne-10cm-x-2cm-primeira-qualidade\/\",\"url\":\"https:\/\/conectid.com.br\/gralha-azul-site\/produto\/deck-ipe-champagne-10cm-x-2cm-primeira-qualidade\/\",\"name\":\"Deck Ip\u00ea Champagne 10cm x 2cm Primeira Qualidade | Gralha Azul\",\"isPartOf\":{\"@id\":\"https:\/\/conectid.com.br\/gralha-azul-site\/#website\"},\"primaryImageOfPage\":{\"@id\":\"https:\/\/conectid.com.br\/gralha-azul-site\/produto\/deck-ipe-champagne-10cm-x-2cm-primeira-qualidade\/#primaryimage\"},\"image\":{\"@id\":\"https:\/\/conectid.com.br\/gralha-azul-site\/produto\/deck-ipe-champagne-10cm-x-2cm-primeira-qualidade\/#primaryimage\"},\"thumbnailUrl\":\"\",\"datePublished\":\"2022-03-16T17:56:07+00:00\",\"description\":\"Aqui na Gralha Azul voc\u00ea encontra Deck Ip\u00ea Champagne 10cm x 2cm Primeira Qualidade da melhor qualidade! [Madeiras em Curitiba]\",\"breadcrumb\":{\"@id\":\"https:\/\/conectid.com.br\/gralha-azul-site\/produto\/deck-ipe-champagne-10cm-x-2cm-primeira-qualidade\/#breadcrumb\"},\"inLanguage\":\"pt-BR\",\"potentialAction\":[{\"@type\":\"ReadAction\",\"target\":[\"https:\/\/conectid.com.br\/gralha-azul-site\/produto\/deck-ipe-champagne-10cm-x-2cm-primeira-qualidade\/\"]}]},{\"@type\":\"ImageObject\",\"inLanguage\":\"pt-BR\",\"@id\":\"https:\/\/conectid.com.br\/gralha-azul-site\/produto\/deck-ipe-champagne-10cm-x-2cm-primeira-qualidade\/#primaryimage\",\"url\":\"\",\"contentUrl\":\"\"},{\"@type\":\"BreadcrumbList\",\"@id\":\"https:\/\/conectid.com.br\/gralha-azul-site\/produto\/deck-ipe-champagne-10cm-x-2cm-primeira-qualidade\/#breadcrumb\",\"itemListElement\":[{\"@type\":\"ListItem\",\"position\":1,\"name\":\"In\u00edcio\",\"item\":\"https:\/\/conectid.com.br\/gralha-azul-site\/\"},{\"@type\":\"ListItem\",\"position\":2,\"name\":\"Produtos\",\"item\":\"https:\/\/conectid.com.br\/gralha-azul-site\/produtos\/\"},{\"@type\":\"ListItem\",\"position\":3,\"name\":\"Deck Ip\u00ea Champagne 10cm x 2cm Primeira Qualidade\"}]},{\"@type\":\"WebSite\",\"@id\":\"https:\/\/conectid.com.br\/gralha-azul-site\/#website\",\"url\":\"https:\/\/conectid.com.br\/gralha-azul-site\/\",\"name\":\"Portas de Madeira em Curitiba - Gralha Azul\",\"description\":\"\",\"publisher\":{\"@id\":\"https:\/\/conectid.com.br\/gralha-azul-site\/#organization\"},\"potentialAction\":[{\"@type\":\"SearchAction\",\"target\":{\"@type\":\"EntryPoint\",\"urlTemplate\":\"https:\/\/conectid.com.br\/gralha-azul-site\/?s={search_term_string}\"},\"query-input\":{\"@type\":\"PropertyValueSpecification\",\"valueRequired\":true,\"valueName\":\"search_term_string\"}}],\"inLanguage\":\"pt-BR\"},{\"@type\":\"Organization\",\"@id\":\"https:\/\/conectid.com.br\/gralha-azul-site\/#organization\",\"name\":\"Portas de Madeira em Curitiba - Gralha Azul\",\"url\":\"https:\/\/conectid.com.br\/gralha-azul-site\/\",\"logo\":{\"@type\":\"ImageObject\",\"inLanguage\":\"pt-BR\",\"@id\":\"https:\/\/conectid.com.br\/gralha-azul-site\/#\/schema\/logo\/image\/\",\"url\":\"https:\/\/conectid.com.br\/gralha-azul-site\/wp-content\/uploads\/2021\/02\/gralha-azul-portas-e-madeiras.jpg\",\"contentUrl\":\"https:\/\/conectid.com.br\/gralha-azul-site\/wp-content\/uploads\/2021\/02\/gralha-azul-portas-e-madeiras.jpg\",\"width\":800,\"height\":800,\"caption\":\"Portas de Madeira em Curitiba - Gralha Azul\"},\"image\":{\"@id\":\"https:\/\/conectid.com.br\/gralha-azul-site\/#\/schema\/logo\/image\/\"},\"sameAs\":[\"https:\/\/www.facebook.com\/gralhaazulportas\",\"https:\/\/www.instagram.com\/gralhaazulportas\/\"]}]}<\/script>\n<!-- \/ Yoast SEO plugin. -->","yoast_head_json":{"title":"Deck Ip\u00ea Champagne 10cm x 2cm Primeira Qualidade | Gralha Azul","description":"Aqui na Gralha Azul voc\u00ea encontra Deck Ip\u00ea Champagne 10cm x 2cm Primeira Qualidade da melhor qualidade! [Madeiras em Curitiba]","robots":{"index":"index","follow":"follow","max-snippet":"max-snippet:-1","max-image-preview":"max-image-preview:large","max-video-preview":"max-video-preview:-1"},"canonical":"https:\/\/conectid.com.br\/gralha-azul-site\/produto\/deck-ipe-champagne-10cm-x-2cm-primeira-qualidade\/","og_locale":"pt_BR","og_type":"article","og_title":"Deck Ip\u00ea Champagne 10cm x 2cm Primeira Qualidade | Gralha Azul","og_description":"Aqui na Gralha Azul voc\u00ea encontra Deck Ip\u00ea Champagne 10cm x 2cm Primeira Qualidade da melhor qualidade! [Madeiras em Curitiba]","og_url":"https:\/\/conectid.com.br\/gralha-azul-site\/produto\/deck-ipe-champagne-10cm-x-2cm-primeira-qualidade\/","og_site_name":"Portas de Madeira em Curitiba - Gralha Azul","article_publisher":"https:\/\/www.facebook.com\/gralhaazulportas","twitter_card":"summary_large_image","twitter_misc":{"Est. tempo de leitura":"1 minuto"},"schema":{"@context":"https:\/\/schema.org","@graph":[{"@type":"WebPage","@id":"https:\/\/conectid.com.br\/gralha-azul-site\/produto\/deck-ipe-champagne-10cm-x-2cm-primeira-qualidade\/","url":"https:\/\/conectid.com.br\/gralha-azul-site\/produto\/deck-ipe-champagne-10cm-x-2cm-primeira-qualidade\/","name":"Deck Ip\u00ea Champagne 10cm x 2cm Primeira Qualidade | Gralha Azul","isPartOf":{"@id":"https:\/\/conectid.com.br\/gralha-azul-site\/#website"},"primaryImageOfPage":{"@id":"https:\/\/conectid.com.br\/gralha-azul-site\/produto\/deck-ipe-champagne-10cm-x-2cm-primeira-qualidade\/#primaryimage"},"image":{"@id":"https:\/\/conectid.com.br\/gralha-azul-site\/produto\/deck-ipe-champagne-10cm-x-2cm-primeira-qualidade\/#primaryimage"},"thumbnailUrl":"","datePublished":"2022-03-16T17:56:07+00:00","description":"Aqui na Gralha Azul voc\u00ea encontra Deck Ip\u00ea Champagne 10cm x 2cm Primeira Qualidade da melhor qualidade! [Madeiras em Curitiba]","breadcrumb":{"@id":"https:\/\/conectid.com.br\/gralha-azul-site\/produto\/deck-ipe-champagne-10cm-x-2cm-primeira-qualidade\/#breadcrumb"},"inLanguage":"pt-BR","potentialAction":[{"@type":"ReadAction","target":["https:\/\/conectid.com.br\/gralha-azul-site\/produto\/deck-ipe-champagne-10cm-x-2cm-primeira-qualidade\/"]}]},{"@type":"ImageObject","inLanguage":"pt-BR","@id":"https:\/\/conectid.com.br\/gralha-azul-site\/produto\/deck-ipe-champagne-10cm-x-2cm-primeira-qualidade\/#primaryimage","url":"","contentUrl":""},{"@type":"BreadcrumbList","@id":"https:\/\/conectid.com.br\/gralha-azul-site\/produto\/deck-ipe-champagne-10cm-x-2cm-primeira-qualidade\/#breadcrumb","itemListElement":[{"@type":"ListItem","position":1,"name":"In\u00edcio","item":"https:\/\/conectid.com.br\/gralha-azul-site\/"},{"@type":"ListItem","position":2,"name":"Produtos","item":"https:\/\/conectid.com.br\/gralha-azul-site\/produtos\/"},{"@type":"ListItem","position":3,"name":"Deck Ip\u00ea Champagne 10cm x 2cm Primeira Qualidade"}]},{"@type":"WebSite","@id":"https:\/\/conectid.com.br\/gralha-azul-site\/#website","url":"https:\/\/conectid.com.br\/gralha-azul-site\/","name":"Portas de Madeira em Curitiba - Gralha Azul","description":"","publisher":{"@id":"https:\/\/conectid.com.br\/gralha-azul-site\/#organization"},"potentialAction":[{"@type":"SearchAction","target":{"@type":"EntryPoint","urlTemplate":"https:\/\/conectid.com.br\/gralha-azul-site\/?s={search_term_string}"},"query-input":{"@type":"PropertyValueSpecification","valueRequired":true,"valueName":"search_term_string"}}],"inLanguage":"pt-BR"},{"@type":"Organization","@id":"https:\/\/conectid.com.br\/gralha-azul-site\/#organization","name":"Portas de Madeira em Curitiba - Gralha Azul","url":"https:\/\/conectid.com.br\/gralha-azul-site\/","logo":{"@type":"ImageObject","inLanguage":"pt-BR","@id":"https:\/\/conectid.com.br\/gralha-azul-site\/#\/schema\/logo\/image\/","url":"https:\/\/conectid.com.br\/gralha-azul-site\/wp-content\/uploads\/2021\/02\/gralha-azul-portas-e-madeiras.jpg","contentUrl":"https:\/\/conectid.com.br\/gralha-azul-site\/wp-content\/uploads\/2021\/02\/gralha-azul-portas-e-madeiras.jpg","width":800,"height":800,"caption":"Portas de Madeira em Curitiba - Gralha Azul"},"image":{"@id":"https:\/\/conectid.com.br\/gralha-azul-site\/#\/schema\/logo\/image\/"},"sameAs":["https:\/\/www.facebook.com\/gralhaazulportas","https:\/\/www.instagram.com\/gralhaazulportas\/"]}]}},"_links":{"self":[{"href":"https:\/\/conectid.com.br\/gralha-azul-site\/wp-json\/wp\/v2\/product\/1555","targetHints":{"allow":["GET"]}}],"collection":[{"href":"https:\/\/conectid.com.br\/gralha-azul-site\/wp-json\/wp\/v2\/product"}],"about":[{"href":"https:\/\/conectid.com.br\/gralha-azul-site\/wp-json\/wp\/v2\/types\/product"}],"replies":[{"embeddable":true,"href":"https:\/\/conectid.com.br\/gralha-azul-site\/wp-json\/wp\/v2\/comments?post=1555"}],"wp:featuredmedia":[{"embeddable":true,"href":"https:\/\/conectid.com.br\/gralha-azul-site\/wp-json\/"}],"wp:attachment":[{"href":"https:\/\/conectid.com.br\/gralha-azul-site\/wp-json\/wp\/v2\/media?parent=1555"}],"wp:term":[{"taxonomy":"product_brand","embeddable":true,"href":"https:\/\/conectid.com.br\/gralha-azul-site\/wp-json\/wp\/v2\/product_brand?post=1555"},{"taxonomy":"product_cat","embeddable":true,"href":"https:\/\/conectid.com.br\/gralha-azul-site\/wp-json\/wp\/v2\/product_cat?post=1555"},{"taxonomy":"product_tag","embeddable":true,"href":"https:\/\/conectid.com.br\/gralha-azul-site\/wp-json\/wp\/v2\/product_tag?post=1555"}],"curies":[{"name":"wp","href":"https:\/\/api.w.org\/{rel}","templated":true}]}}