{"id":1540,"date":"2022-03-16T17:56:06","date_gmt":"2022-03-16T17:56:06","guid":{"rendered":"https:\/\/gralhaazulportas1.hospedagemdesites.ws\/?post_type=product&#038;p=1540"},"modified":"2023-12-06T16:58:21","modified_gmt":"2023-12-06T19:58:21","slug":"madeira-itauba","status":"publish","type":"product","link":"https:\/\/conectid.com.br\/gralha-azul-site\/produto\/madeira-itauba\/","title":{"rendered":"Madeira Ita\u00faba"},"content":{"rendered":"<p>Trabalhamos com madeira de Ita\u00faba com garantia de qualidade e proced\u00eancia da madeira.<\/p>\n<p>Madeira de Ita\u00faba a pronta entrega em Curitiba.<\/p>\n<p>Madeiramento para telhados, decks e pergolados.<br \/>\nVeja abaixo todas as bitolas que trabalhamos.<br \/>\nripa 1 x 2<br \/>\nripa 1 x 3<br \/>\nripa 1 x 4<br \/>\ntabua 1 x 5<br \/>\ntabua 1 x 6<br \/>\ntabua 1 x 8<br \/>\ntabua 1 x 10<br \/>\ntabua 1 x 12<br \/>\nripa 11\/2 x 11\/2<br \/>\nripa 11\/2 x 2<br \/>\nripa 11\/2 x 3<br \/>\nripa 11\/2 x 4<br \/>\nprancha 11\/2 x 5<br \/>\nprancha 11\/2 x 6<br \/>\nprancha 11\/2 x 8<br \/>\nprancha 11\/2 x 10<br \/>\nprancha 11\/2 x 12<br \/>\nprancha 11\/2 x 14<br \/>\nprancha 11\/2 x 16<br \/>\ncaibro 2 x 2<br \/>\ncaibro 2 x 3<br \/>\nviga 2 x 4<br \/>\nviga 2 x 5<br \/>\nviga 2 x 6<br \/>\nviga 2 x 8<br \/>\nviga 2 x 10<br \/>\nviga 2 x 12<br \/>\nviga 3 x 3<br \/>\nviga 3 x 4<br \/>\nviga 3 x 5<br \/>\nviga 3 x 6<br \/>\nviga 3 x 8<br \/>\nviga 3 x 10<br \/>\nviga 3 x 12<br \/>\nviga 4 x 4<br \/>\nviga 6 x 6<br \/>\nviga 8 x 8<br \/>\nbeiral 14cm<br \/>\nbeiral 19cm<br \/>\nbeiral 24cm<br \/>\nbeiral 29cm<br \/>\nmeia-cana 1<br \/>\nmeia-cana 2<br \/>\nrodap\u00e9 1,5 x 6,5<\/p>\n","protected":false},"excerpt":{"rendered":"<p>Trabalhamos com madeira de Ita\u00faba com garantia de qualidade e proced\u00eancia da madeira. Madeira de Ita\u00faba a pronta entrega em Curitiba. Madeiramento para telhados, decks e pergolados. Veja abaixo todas as bitolas que trabalhamos. ripa 1 x 2 ripa 1 x 3 ripa 1 x 4 tabua 1 x 5 tabua 1 x 6 tabua 1 x 8 tabua 1\u2026<\/p>\n","protected":false},"featured_media":0,"comment_status":"closed","ping_status":"closed","template":"","meta":[],"product_brand":[],"product_cat":[277],"product_tag":[],"class_list":{"0":"post-1540","1":"product","2":"type-product","3":"status-publish","5":"product_cat-madeira-bruta-e-beneficiada","7":"first","8":"instock","9":"sold-individually","10":"shipping-taxable","11":"product-type-simple"},"yoast_head":"<!-- This site is optimized with the Yoast SEO plugin v26.9 - https:\/\/yoast.com\/product\/yoast-seo-wordpress\/ -->\n<title>Madeira Ita\u00faba em Curitiba | Gralha Azul<\/title>\n<meta name=\"description\" content=\"Aqui na Gralha Azul voc\u00ea encontra Madeira Ita\u00faba da melhor qualidade! Clique e veja sobre madeiras em Curitiba.\" \/>\n<meta name=\"robots\" content=\"index, follow, max-snippet:-1, max-image-preview:large, max-video-preview:-1\" \/>\n<link rel=\"canonical\" href=\"https:\/\/conectid.com.br\/gralha-azul-site\/produto\/madeira-itauba\/\" \/>\n<meta property=\"og:locale\" content=\"pt_BR\" \/>\n<meta property=\"og:type\" content=\"article\" \/>\n<meta property=\"og:title\" content=\"Madeira Ita\u00faba em Curitiba | Gralha Azul\" \/>\n<meta property=\"og:description\" content=\"Aqui na Gralha Azul voc\u00ea encontra Madeira Ita\u00faba da melhor qualidade! Clique e veja sobre madeiras em Curitiba.\" \/>\n<meta property=\"og:url\" content=\"https:\/\/conectid.com.br\/gralha-azul-site\/produto\/madeira-itauba\/\" \/>\n<meta property=\"og:site_name\" content=\"Portas de Madeira em Curitiba - Gralha Azul\" \/>\n<meta property=\"article:publisher\" content=\"https:\/\/www.facebook.com\/gralhaazulportas\" \/>\n<meta property=\"article:modified_time\" content=\"2023-12-06T19:58:21+00:00\" \/>\n<meta name=\"twitter:card\" content=\"summary_large_image\" \/>\n<meta name=\"twitter:label1\" content=\"Est. tempo de leitura\" \/>\n\t<meta name=\"twitter:data1\" content=\"2 minutos\" \/>\n<script type=\"application\/ld+json\" class=\"yoast-schema-graph\">{\"@context\":\"https:\/\/schema.org\",\"@graph\":[{\"@type\":\"WebPage\",\"@id\":\"https:\/\/conectid.com.br\/gralha-azul-site\/produto\/madeira-itauba\/\",\"url\":\"https:\/\/conectid.com.br\/gralha-azul-site\/produto\/madeira-itauba\/\",\"name\":\"Madeira Ita\u00faba em Curitiba | Gralha Azul\",\"isPartOf\":{\"@id\":\"https:\/\/conectid.com.br\/gralha-azul-site\/#website\"},\"datePublished\":\"2022-03-16T17:56:06+00:00\",\"dateModified\":\"2023-12-06T19:58:21+00:00\",\"description\":\"Aqui na Gralha Azul voc\u00ea encontra Madeira Ita\u00faba da melhor qualidade! Clique e veja sobre madeiras em Curitiba.\",\"breadcrumb\":{\"@id\":\"https:\/\/conectid.com.br\/gralha-azul-site\/produto\/madeira-itauba\/#breadcrumb\"},\"inLanguage\":\"pt-BR\",\"potentialAction\":[{\"@type\":\"ReadAction\",\"target\":[\"https:\/\/conectid.com.br\/gralha-azul-site\/produto\/madeira-itauba\/\"]}]},{\"@type\":\"BreadcrumbList\",\"@id\":\"https:\/\/conectid.com.br\/gralha-azul-site\/produto\/madeira-itauba\/#breadcrumb\",\"itemListElement\":[{\"@type\":\"ListItem\",\"position\":1,\"name\":\"In\u00edcio\",\"item\":\"https:\/\/conectid.com.br\/gralha-azul-site\/\"},{\"@type\":\"ListItem\",\"position\":2,\"name\":\"Produtos\",\"item\":\"https:\/\/conectid.com.br\/gralha-azul-site\/produtos\/\"},{\"@type\":\"ListItem\",\"position\":3,\"name\":\"Madeira Ita\u00faba\"}]},{\"@type\":\"WebSite\",\"@id\":\"https:\/\/conectid.com.br\/gralha-azul-site\/#website\",\"url\":\"https:\/\/conectid.com.br\/gralha-azul-site\/\",\"name\":\"Portas de Madeira em Curitiba - Gralha Azul\",\"description\":\"\",\"publisher\":{\"@id\":\"https:\/\/conectid.com.br\/gralha-azul-site\/#organization\"},\"potentialAction\":[{\"@type\":\"SearchAction\",\"target\":{\"@type\":\"EntryPoint\",\"urlTemplate\":\"https:\/\/conectid.com.br\/gralha-azul-site\/?s={search_term_string}\"},\"query-input\":{\"@type\":\"PropertyValueSpecification\",\"valueRequired\":true,\"valueName\":\"search_term_string\"}}],\"inLanguage\":\"pt-BR\"},{\"@type\":\"Organization\",\"@id\":\"https:\/\/conectid.com.br\/gralha-azul-site\/#organization\",\"name\":\"Portas de Madeira em Curitiba - Gralha Azul\",\"url\":\"https:\/\/conectid.com.br\/gralha-azul-site\/\",\"logo\":{\"@type\":\"ImageObject\",\"inLanguage\":\"pt-BR\",\"@id\":\"https:\/\/conectid.com.br\/gralha-azul-site\/#\/schema\/logo\/image\/\",\"url\":\"https:\/\/conectid.com.br\/gralha-azul-site\/wp-content\/uploads\/2021\/02\/gralha-azul-portas-e-madeiras.jpg\",\"contentUrl\":\"https:\/\/conectid.com.br\/gralha-azul-site\/wp-content\/uploads\/2021\/02\/gralha-azul-portas-e-madeiras.jpg\",\"width\":800,\"height\":800,\"caption\":\"Portas de Madeira em Curitiba - Gralha Azul\"},\"image\":{\"@id\":\"https:\/\/conectid.com.br\/gralha-azul-site\/#\/schema\/logo\/image\/\"},\"sameAs\":[\"https:\/\/www.facebook.com\/gralhaazulportas\",\"https:\/\/www.instagram.com\/gralhaazulportas\/\"]}]}<\/script>\n<!-- \/ Yoast SEO plugin. -->","yoast_head_json":{"title":"Madeira Ita\u00faba em Curitiba | Gralha Azul","description":"Aqui na Gralha Azul voc\u00ea encontra Madeira Ita\u00faba da melhor qualidade! Clique e veja sobre madeiras em Curitiba.","robots":{"index":"index","follow":"follow","max-snippet":"max-snippet:-1","max-image-preview":"max-image-preview:large","max-video-preview":"max-video-preview:-1"},"canonical":"https:\/\/conectid.com.br\/gralha-azul-site\/produto\/madeira-itauba\/","og_locale":"pt_BR","og_type":"article","og_title":"Madeira Ita\u00faba em Curitiba | Gralha Azul","og_description":"Aqui na Gralha Azul voc\u00ea encontra Madeira Ita\u00faba da melhor qualidade! Clique e veja sobre madeiras em Curitiba.","og_url":"https:\/\/conectid.com.br\/gralha-azul-site\/produto\/madeira-itauba\/","og_site_name":"Portas de Madeira em Curitiba - Gralha Azul","article_publisher":"https:\/\/www.facebook.com\/gralhaazulportas","article_modified_time":"2023-12-06T19:58:21+00:00","twitter_card":"summary_large_image","twitter_misc":{"Est. tempo de leitura":"2 minutos"},"schema":{"@context":"https:\/\/schema.org","@graph":[{"@type":"WebPage","@id":"https:\/\/conectid.com.br\/gralha-azul-site\/produto\/madeira-itauba\/","url":"https:\/\/conectid.com.br\/gralha-azul-site\/produto\/madeira-itauba\/","name":"Madeira Ita\u00faba em Curitiba | Gralha Azul","isPartOf":{"@id":"https:\/\/conectid.com.br\/gralha-azul-site\/#website"},"datePublished":"2022-03-16T17:56:06+00:00","dateModified":"2023-12-06T19:58:21+00:00","description":"Aqui na Gralha Azul voc\u00ea encontra Madeira Ita\u00faba da melhor qualidade! Clique e veja sobre madeiras em Curitiba.","breadcrumb":{"@id":"https:\/\/conectid.com.br\/gralha-azul-site\/produto\/madeira-itauba\/#breadcrumb"},"inLanguage":"pt-BR","potentialAction":[{"@type":"ReadAction","target":["https:\/\/conectid.com.br\/gralha-azul-site\/produto\/madeira-itauba\/"]}]},{"@type":"BreadcrumbList","@id":"https:\/\/conectid.com.br\/gralha-azul-site\/produto\/madeira-itauba\/#breadcrumb","itemListElement":[{"@type":"ListItem","position":1,"name":"In\u00edcio","item":"https:\/\/conectid.com.br\/gralha-azul-site\/"},{"@type":"ListItem","position":2,"name":"Produtos","item":"https:\/\/conectid.com.br\/gralha-azul-site\/produtos\/"},{"@type":"ListItem","position":3,"name":"Madeira Ita\u00faba"}]},{"@type":"WebSite","@id":"https:\/\/conectid.com.br\/gralha-azul-site\/#website","url":"https:\/\/conectid.com.br\/gralha-azul-site\/","name":"Portas de Madeira em Curitiba - Gralha Azul","description":"","publisher":{"@id":"https:\/\/conectid.com.br\/gralha-azul-site\/#organization"},"potentialAction":[{"@type":"SearchAction","target":{"@type":"EntryPoint","urlTemplate":"https:\/\/conectid.com.br\/gralha-azul-site\/?s={search_term_string}"},"query-input":{"@type":"PropertyValueSpecification","valueRequired":true,"valueName":"search_term_string"}}],"inLanguage":"pt-BR"},{"@type":"Organization","@id":"https:\/\/conectid.com.br\/gralha-azul-site\/#organization","name":"Portas de Madeira em Curitiba - Gralha Azul","url":"https:\/\/conectid.com.br\/gralha-azul-site\/","logo":{"@type":"ImageObject","inLanguage":"pt-BR","@id":"https:\/\/conectid.com.br\/gralha-azul-site\/#\/schema\/logo\/image\/","url":"https:\/\/conectid.com.br\/gralha-azul-site\/wp-content\/uploads\/2021\/02\/gralha-azul-portas-e-madeiras.jpg","contentUrl":"https:\/\/conectid.com.br\/gralha-azul-site\/wp-content\/uploads\/2021\/02\/gralha-azul-portas-e-madeiras.jpg","width":800,"height":800,"caption":"Portas de Madeira em Curitiba - Gralha Azul"},"image":{"@id":"https:\/\/conectid.com.br\/gralha-azul-site\/#\/schema\/logo\/image\/"},"sameAs":["https:\/\/www.facebook.com\/gralhaazulportas","https:\/\/www.instagram.com\/gralhaazulportas\/"]}]}},"_links":{"self":[{"href":"https:\/\/conectid.com.br\/gralha-azul-site\/wp-json\/wp\/v2\/product\/1540","targetHints":{"allow":["GET"]}}],"collection":[{"href":"https:\/\/conectid.com.br\/gralha-azul-site\/wp-json\/wp\/v2\/product"}],"about":[{"href":"https:\/\/conectid.com.br\/gralha-azul-site\/wp-json\/wp\/v2\/types\/product"}],"replies":[{"embeddable":true,"href":"https:\/\/conectid.com.br\/gralha-azul-site\/wp-json\/wp\/v2\/comments?post=1540"}],"wp:attachment":[{"href":"https:\/\/conectid.com.br\/gralha-azul-site\/wp-json\/wp\/v2\/media?parent=1540"}],"wp:term":[{"taxonomy":"product_brand","embeddable":true,"href":"https:\/\/conectid.com.br\/gralha-azul-site\/wp-json\/wp\/v2\/product_brand?post=1540"},{"taxonomy":"product_cat","embeddable":true,"href":"https:\/\/conectid.com.br\/gralha-azul-site\/wp-json\/wp\/v2\/product_cat?post=1540"},{"taxonomy":"product_tag","embeddable":true,"href":"https:\/\/conectid.com.br\/gralha-azul-site\/wp-json\/wp\/v2\/product_tag?post=1540"}],"curies":[{"name":"wp","href":"https:\/\/api.w.org\/{rel}","templated":true}]}}